{"id":32484,"date":"2021-01-25T12:16:04","date_gmt":"2021-01-25T17:16:04","guid":{"rendered":"https:\/\/santacatalina.org.pe\/?page_id=32484"},"modified":"2021-01-25T14:05:13","modified_gmt":"2021-01-25T19:05:13","slug":"salles-virtuelles","status":"publish","type":"page","link":"https:\/\/santacatalina.org.pe\/fr\/salles-virtuelles","title":{"rendered":"Salles virtuelles"},"content":{"rendered":"<section class=\"no-padding\"><div class=\"container-fluid\"><div class=\"row\"><div class=\"wpb_column hcode-column-container  col-xs-mobile-fullwidth\" data-front-class=\"col-xs-mobile-fullwidth front-column-class\"><div class=\"vc-column-innner-wrapper\"><div class=\"background-slider-text\"><div class=\"container full-screen position-relative\"><div class=\"slider-typography\"><div class=\"slider-text-middle-main\"><div class=\"slider-text-bottom slider-text-middle5 text-left animated fadeInUp\"><span class=\"slider-title-big5 alt-font black-text\" style=\"color:#0a0a0a !important \">SALAS VIRTUALES<\/span><span class=\"slider-subtitle5 black-text hcode-font-setting-69dff15220b9b\" style=\"color:#0a0a0a !important \">EXPOSICIONES Y MUESTRAS VIRTUALES<\/span><br><div class=\"separator-line bg-black no-margin-lr no-margin-top sm-margin-bottom-eleven xs-margin-bottom-thirteen\"><\/div><\/div><\/div><\/div><\/div><\/div><div id=\"hcode-owl-slider7-1\" class=\"owl-carousel owl-themehcode-owl-slider7-1 hcode-owl-slider7  dot-pagination dark-pagination dark-navigation no-cursor  hcode-owl-slider7 \"><div class=\"item owl-bg-img full-screen bg-image-srcset\" style=\"background-image:url(https:\/\/santacatalina.org.pe\/wp-content\/uploads\/2020\/06\/sev1.jpg)\" data-bg-srcset=\"https:\/\/santacatalina.org.pe\/wp-content\/uploads\/2020\/06\/sev1.jpg 1920w, https:\/\/santacatalina.org.pe\/wp-content\/uploads\/2020\/06\/sev1-600x344.jpg 600w, https:\/\/santacatalina.org.pe\/wp-content\/uploads\/2020\/06\/sev1-300x172.jpg 300w, https:\/\/santacatalina.org.pe\/wp-content\/uploads\/2020\/06\/sev1-1024x587.jpg 1024w, https:\/\/santacatalina.org.pe\/wp-content\/uploads\/2020\/06\/sev1-768x440.jpg 768w, https:\/\/santacatalina.org.pe\/wp-content\/uploads\/2020\/06\/sev1-1536x880.jpg 1536w, https:\/\/santacatalina.org.pe\/wp-content\/uploads\/2020\/06\/sev1-81x46.jpg 81w\"><\/div><div class=\"item owl-bg-img full-screen bg-image-srcset\" style=\"background-image:url(https:\/\/santacatalina.org.pe\/wp-content\/uploads\/2020\/06\/sev2.jpg)\" data-bg-srcset=\"https:\/\/santacatalina.org.pe\/wp-content\/uploads\/2020\/06\/sev2.jpg 1920w, https:\/\/santacatalina.org.pe\/wp-content\/uploads\/2020\/06\/sev2-600x344.jpg 600w, https:\/\/santacatalina.org.pe\/wp-content\/uploads\/2020\/06\/sev2-300x172.jpg 300w, https:\/\/santacatalina.org.pe\/wp-content\/uploads\/2020\/06\/sev2-1024x587.jpg 1024w, https:\/\/santacatalina.org.pe\/wp-content\/uploads\/2020\/06\/sev2-768x440.jpg 768w, https:\/\/santacatalina.org.pe\/wp-content\/uploads\/2020\/06\/sev2-1536x880.jpg 1536w, https:\/\/santacatalina.org.pe\/wp-content\/uploads\/2020\/06\/sev2-81x46.jpg 81w\"><\/div><\/div>        <script type=\"text\/javascript\">jQuery(document).ready(function () { jQuery(\"#hcode-owl-slider7-1\").owlCarousel({ touchDrag: false, mouseDrag: false, nav: false,dots: false,autoPlay: false, autoplayHoverPause: false, loop: false, items: 1,dotsSpeed: 400,navText: [\"<i class='fa-solid fa-angle-left'><\/i>\", \"<i class='fa-solid fa-angle-right'><\/i>\"] }); });<\/script>\n    \t<\/div><\/div><\/div><\/div><\/section><section><div class=\"container\"><div class=\"row\"><div class=\"wpb_column hcode-column-container vc_col-sm-12 col-xs-mobile-fullwidth\" data-front-class=\"col-xs-mobile-fullwidth\"><div class=\"vc-column-innner-wrapper\"><h2 class=\"section-title no-padding margin-one-bottom xs-margin-five-bottom hcode-font-setting-69dff1522115a\" style=\" color:#85280f; font-size:28px;font-weight:600;line-height:71px;\">SALAS VIRTUALES<\/h2><\/div><\/div><\/div><\/div><\/section><section class=\"no-padding\"><div class=\"container\"><div class=\"row\"><div class=\"wpb_column hcode-column-container vc_col-sm-12 vc_col-md-6 col-xs-mobile-fullwidth\" data-front-class=\"col-xs-mobile-fullwidth\"><div class=\"vc-column-innner-wrapper\"><p class=\"text-med\">En esta \u00e9poca de pandemia, en que todos debemos permanecer en casa y evitar contagios, los museos no dejamos de estar conectados con nuestro p\u00fablico, y mejor a\u00fan, nos acercarnos a nuevos y m\u00e1s amigos con nueva tecnolog\u00eda. De acuerdo con lo propuesto por el Consejo Internacional de Museos hace un par a\u00f1os y que hoy en d\u00eda cobra mayor importancia: Museos hiperconectados: enfoques nuevos, p\u00fablicos nuevos, el Monasterio de Santa Catalina ha preparado una serie de muestras temporales para difundirlas por las redes, pues al no poder hacerse la visita presencial al museo, el museo visita virtualmente las casas llev\u00e1ndoles nuestra riqueza patrimonial.<\/p>\n<\/div><\/div><div class=\"wpb_column hcode-column-container sm-margin-four-bottom vc_col-sm-12 vc_col-md-6 col-xs-mobile-fullwidth\" data-front-class=\"sm-margin-four-bottom col-xs-mobile-fullwidth\"><div class=\"vc-column-innner-wrapper\">[vc_gallery type=\"nivo\" interval=\"3\" images=\"19349,19352\" img_size=\"full\" css_animation=\"fadeInDown\"]<\/div><\/div><\/div><\/div><\/section><section><div class=\"container\"><div class=\"row\"><div class=\"wpb_column hcode-column-container vc_col-sm-12 col-xs-mobile-fullwidth\" data-front-class=\"col-xs-mobile-fullwidth\"><div class=\"vc-column-innner-wrapper\"><h2 class=\"section-title no-padding margin-one-bottom xs-margin-five-bottom hcode-font-setting-69dff152212ef\" style=\" color:#85280f; font-size:28px;font-weight:600;line-height:71px;\">PUBLICACIONES<\/h2><\/div><\/div><\/div><\/div><\/section><section class=\"no-padding\"><div class=\"container\"><div class=\"row\"><div class=\"wpb_column hcode-column-container vc_col-sm-12 col-xs-mobile-fullwidth\" data-front-class=\"col-xs-mobile-fullwidth\"><div class=\"vc-column-innner-wrapper\"><div  class=\"work-2col gutter work-with-title \"><div class=\"col-md-12  grid-gallery overflow-hidden  content-section\"><div class=\"tab-content portfolio-infinite-scroll-pagination\"><ul class=\"grid masonry-items masonry-portfolio-grid   hcode-portfolio-1\" data-portfolio=\"\" data-uniqueid=\"hcode-portfolio-1\"><\/ul><\/div><\/div><\/div><\/div><\/div><\/div><\/div><\/section>\r\n","protected":false},"excerpt":{"rendered":"<p>SALAS VIRTUALESEXPOSICIONES Y MUESTRAS VIRTUALES SALAS VIRTUALESEn esta \u00e9poca de pandemia, en que todos debemos permanecer en casa y evitar contagios, los museos no dejamos de estar conectados con nuestro p\u00fablico, y mejor a\u00fan, nos acercarnos a nuevos y m\u00e1s amigos con nueva tecnolog\u00eda. De acuerdo con lo propuesto por el Consejo Internacional de Museos [&hellip;]<\/p>\n","protected":false},"author":1,"featured_media":0,"parent":0,"menu_order":0,"comment_status":"closed","ping_status":"closed","template":"","meta":{"footnotes":""},"_links":{"self":[{"href":"https:\/\/santacatalina.org.pe\/fr\/wp-json\/wp\/v2\/pages\/32484"}],"collection":[{"href":"https:\/\/santacatalina.org.pe\/fr\/wp-json\/wp\/v2\/pages"}],"about":[{"href":"https:\/\/santacatalina.org.pe\/fr\/wp-json\/wp\/v2\/types\/page"}],"author":[{"embeddable":true,"href":"https:\/\/santacatalina.org.pe\/fr\/wp-json\/wp\/v2\/users\/1"}],"replies":[{"embeddable":true,"href":"https:\/\/santacatalina.org.pe\/fr\/wp-json\/wp\/v2\/comments?post=32484"}],"version-history":[{"count":1,"href":"https:\/\/santacatalina.org.pe\/fr\/wp-json\/wp\/v2\/pages\/32484\/revisions"}],"predecessor-version":[{"id":32503,"href":"https:\/\/santacatalina.org.pe\/fr\/wp-json\/wp\/v2\/pages\/32484\/revisions\/32503"}],"wp:attachment":[{"href":"https:\/\/santacatalina.org.pe\/fr\/wp-json\/wp\/v2\/media?parent=32484"}],"curies":[{"name":"wp","href":"https:\/\/api.w.org\/{rel}","templated":true}]}}