{"id":32481,"date":"2021-01-25T12:03:38","date_gmt":"2021-01-25T17:03:38","guid":{"rendered":"https:\/\/santacatalina.org.pe\/?page_id=32481"},"modified":"2021-01-25T14:03:07","modified_gmt":"2021-01-25T19:03:07","slug":"visites-theatralisees","status":"publish","type":"page","link":"https:\/\/santacatalina.org.pe\/fr\/programmes-speciaux\/visites-theatralisees","title":{"rendered":"Visites th\u00e9\u00e2tralis\u00e9es"},"content":{"rendered":"<section><div class=\"container\"><div class=\"row\"><div class=\"wpb_column hcode-column-container sm-margin-four-bottom vc_col-sm-12 vc_col-md-6 col-xs-mobile-fullwidth\" data-front-class=\"sm-margin-four-bottom col-xs-mobile-fullwidth\"><div class=\"vc-column-innner-wrapper\">[vc_gallery type=\"nivo\" interval=\"3\" images=\"19114,19113,19112\" img_size=\"full\" css_animation=\"fadeInDown\"]<\/div><\/div><div class=\"wpb_column hcode-column-container vc_col-sm-12 vc_col-md-6 col-xs-mobile-fullwidth\" data-front-class=\"col-xs-mobile-fullwidth\"><div class=\"vc-column-innner-wrapper\"><div class=\"padding-three\"><p class=\"text-med\">\u201cRetrocede en el tiempo y vive una experiencia inolvidable\u201d.<br \/>\nEs la frase con la cual presentamos al p\u00fablico nuestras Visitas Guiadas Teatralizadas, desde el a\u00f1o 2016, con mucho \u00e9xito.<br \/>\nSe trata de un recorrido nocturno en el que los visitantes disfrutan de la magia de Santa Catalina de noche, encontrando dura nte su paseo a diferentes personajes que cuentan su historia sobre c\u00f3mo y por qu\u00e9 llegaron al monasterio. Todos los personajes se encuentran vestidos y caracterizados a la usanza de la \u00e9poca colonial, al igual que las gu\u00edas que acompa\u00f1an a los visitantes.<\/p>\n<\/div><\/div><\/div><div class=\"wpb_column hcode-column-container vc_col-sm-12 vc_col-md-12 col-xs-mobile-fullwidth\" data-front-class=\"col-xs-mobile-fullwidth\"><div class=\"vc-column-innner-wrapper\"><div class=\" wide-separator-line no-margin-lr\" style=\" background:#ffffff;\"><\/div><\/div><\/div><div class=\"wpb_column hcode-column-container vc_col-sm-12 vc_col-md-6 col-xs-mobile-fullwidth\" data-front-class=\"col-xs-mobile-fullwidth\"><div class=\"vc-column-innner-wrapper\"><div class=\"padding-three\"><p class=\"text-med\">Nuestras visitas se programan por lo general en los meses de julio y agosto, por fiestas patrias y fiestas de la ciudad, siendo anunciadas a trav\u00e9s de nuestra p\u00e1gina web, Cuenta de Facebook e Instagram y mediante afiches y volantes. Los cupos son limitados, y gracias a la gran acogida se agotan tres o cuatro d\u00edas antes del evento. Es un paseo ideal para salir de la rutina y disfrutarlo con familia y amigos. El ingreso se realiza por grupos con cupos limitados, en ocho horarios a escoger. La duraci\u00f3n de cada paseo es de aproximadamente 50 minutos.<\/p>\n<p class=\"text-med\"><strong>Mayor informaci\u00f3n:<\/strong><br \/>\n<strong>Tel\u00e9fonos de contacto:<\/strong> 221213-221234 (Anexo 108)<br \/>\n<strong>Correo:<\/strong> informes@santacatalina.org.pe<\/p>\n<\/div><\/div><\/div><div class=\"wpb_column hcode-column-container sm-margin-four-bottom vc_col-sm-12 vc_col-md-6 col-xs-mobile-fullwidth\" data-front-class=\"sm-margin-four-bottom col-xs-mobile-fullwidth\"><div class=\"vc-column-innner-wrapper\">[vc_gallery type=\"nivo\" interval=\"3\" images=\"19115,19116,19117\" img_size=\"full\" css_animation=\"fadeInDown\"]<\/div><\/div><\/div><\/div><\/section>","protected":false},"excerpt":{"rendered":"<p>[vc_gallery type=\u00a0\u00bbnivo\u00a0\u00bb interval=\u00a0\u00bb3&Prime; images=\u00a0\u00bb19114,19113,19112&Prime; img_size=\u00a0\u00bbfull\u00a0\u00bb css_animation=\u00a0\u00bbfadeInDown\u00a0\u00bb]\u201cRetrocede en el tiempo y vive una experiencia inolvidable\u201d. Es la frase con la cual presentamos al p\u00fablico nuestras Visitas Guiadas Teatralizadas, desde el a\u00f1o 2016, con mucho \u00e9xito. Se trata de un recorrido nocturno en el que los visitantes disfrutan de la magia de Santa Catalina de noche, encontrando [&hellip;]<\/p>\n","protected":false},"author":1,"featured_media":0,"parent":32479,"menu_order":0,"comment_status":"closed","ping_status":"closed","template":"","meta":{"footnotes":""},"_links":{"self":[{"href":"https:\/\/santacatalina.org.pe\/fr\/wp-json\/wp\/v2\/pages\/32481"}],"collection":[{"href":"https:\/\/santacatalina.org.pe\/fr\/wp-json\/wp\/v2\/pages"}],"about":[{"href":"https:\/\/santacatalina.org.pe\/fr\/wp-json\/wp\/v2\/types\/page"}],"author":[{"embeddable":true,"href":"https:\/\/santacatalina.org.pe\/fr\/wp-json\/wp\/v2\/users\/1"}],"replies":[{"embeddable":true,"href":"https:\/\/santacatalina.org.pe\/fr\/wp-json\/wp\/v2\/comments?post=32481"}],"version-history":[{"count":1,"href":"https:\/\/santacatalina.org.pe\/fr\/wp-json\/wp\/v2\/pages\/32481\/revisions"}],"predecessor-version":[{"id":32489,"href":"https:\/\/santacatalina.org.pe\/fr\/wp-json\/wp\/v2\/pages\/32481\/revisions\/32489"}],"up":[{"embeddable":true,"href":"https:\/\/santacatalina.org.pe\/fr\/wp-json\/wp\/v2\/pages\/32479"}],"wp:attachment":[{"href":"https:\/\/santacatalina.org.pe\/fr\/wp-json\/wp\/v2\/media?parent=32481"}],"curies":[{"name":"wp","href":"https:\/\/api.w.org\/{rel}","templated":true}]}}