{"id":32480,"date":"2021-01-25T12:01:28","date_gmt":"2021-01-25T17:01:28","guid":{"rendered":"https:\/\/santacatalina.org.pe\/?page_id=32480"},"modified":"2021-01-25T14:02:29","modified_gmt":"2021-01-25T19:02:29","slug":"programme-educatif-pour-les-escolaires","status":"publish","type":"page","link":"https:\/\/santacatalina.org.pe\/fr\/programmes-speciaux\/programme-educatif-pour-les-escolaires","title":{"rendered":"programme \u00e9ducatif pour les escolaires"},"content":{"rendered":"<p><section><div class=\"container\"><div class=\"row\"><div class=\"wpb_column hcode-column-container sm-margin-four-bottom vc_col-sm-12 vc_col-md-6 col-xs-mobile-fullwidth\" data-front-class=\"sm-margin-four-bottom col-xs-mobile-fullwidth\"><div class=\"vc-column-innner-wrapper\">[vc_gallery type=\"nivo\" interval=\"3\" images=\"19208,19211,19214\" img_size=\"full\" css_animation=\"fadeInDown\"]<\/div><\/div><div class=\"wpb_column hcode-column-container vc_col-sm-12 vc_col-md-6 col-xs-mobile-fullwidth\" data-front-class=\"col-xs-mobile-fullwidth\"><div class=\"vc-column-innner-wrapper\"><div class=\"padding-three\"><p class=\"text-med\">Aprende sobre nuestra historia y riqueza cultural<\/p>\n<p class=\"text-med\">El Monasterio de Santa Catalina es un museo y monumento hist\u00f3rico con riqueza cultural invalorable, conocerlo significa acercarnos a nuestra identidad y aprender el por qu\u00e9 debemos sentirnos orgullosos de nuestro patrimonio. Creemos que la edad escolar es la m\u00e1s propicia para iniciar este aprendizaje pues permite sembrar semillas de valores en nuestros ni\u00f1os y j\u00f3venes, quienes son nuestro presente y nuestro futuro.<\/p>\n<\/div><\/div><\/div><div class=\"wpb_column hcode-column-container vc_col-sm-12 vc_col-md-12 col-xs-mobile-fullwidth\" data-front-class=\"col-xs-mobile-fullwidth\"><div class=\"vc-column-innner-wrapper\"><div class=\" wide-separator-line no-margin-lr\" style=\" background:#ffffff;\"><\/div><\/div><\/div><div class=\"wpb_column hcode-column-container vc_col-sm-12 vc_col-md-6 col-xs-mobile-fullwidth\" data-front-class=\"col-xs-mobile-fullwidth\"><div class=\"vc-column-innner-wrapper\"><div class=\"padding-three\"><p class=\"text-med\">A continuaci\u00f3n presentamos un programa que tiene la finalidad de informar a la comunidad educativa, en especial a los maestros, sobre nuestro nuevo servicio de visitas tem\u00e1ticas para estudiantes de Educaci\u00f3n B\u00e1sica Regular. Este programa educativo ofrece guiados para: Inicial, Primaria y Secundaria, con distintos temarios y actividades l\u00fadicas dise\u00f1adas de acuerdo a la edad y curr\u00edculo de cada estudiante.<\/p>\n<p class=\"text-med\"><strong>Mayor informaci\u00f3n:<\/strong><br \/>\n<strong>Tel\u00e9fonos de contacto:<\/strong> 221213-221234 (Anexo 108)<br \/>\n<strong>Correo:<\/strong> informes@santacatalina.org.pe<\/p>\n<\/div><a  href=\"https:\/\/santacatalina.org.pe\/wp-content\/uploads\/2020\/09\/pdf-informativo.pdf\" target=\"_blank\"  class=\"inner-link button btn  hcode-button-1 btn-small-black-border-light btn-medium\">DESCARGAR PDF INFORMATIVO<\/a><\/div><\/div><div class=\"wpb_column hcode-column-container sm-margin-four-bottom vc_col-sm-12 vc_col-md-6 col-xs-mobile-fullwidth\" data-front-class=\"sm-margin-four-bottom col-xs-mobile-fullwidth\"><div class=\"vc-column-innner-wrapper\">[vc_gallery type=\"nivo\" interval=\"3\" images=\"19223,19220,19217\" img_size=\"full\" css_animation=\"fadeInDown\"]<\/div><\/div><\/div><\/div><\/section>\r\n","protected":false},"excerpt":{"rendered":"<p>[vc_gallery type=\u00a0\u00bbnivo\u00a0\u00bb interval=\u00a0\u00bb3&Prime; images=\u00a0\u00bb19208,19211,19214&Prime; img_size=\u00a0\u00bbfull\u00a0\u00bb css_animation=\u00a0\u00bbfadeInDown\u00a0\u00bb]Aprende sobre nuestra historia y riqueza cultural El Monasterio de Santa Catalina es un museo y monumento hist\u00f3rico con riqueza cultural invalorable, conocerlo significa acercarnos a nuestra identidad y aprender el por qu\u00e9 debemos sentirnos orgullosos de nuestro patrimonio. Creemos que la edad escolar es la m\u00e1s propicia para iniciar [&hellip;]<\/p>\n","protected":false},"author":1,"featured_media":0,"parent":32479,"menu_order":0,"comment_status":"closed","ping_status":"closed","template":"","meta":{"footnotes":""},"_links":{"self":[{"href":"https:\/\/santacatalina.org.pe\/fr\/wp-json\/wp\/v2\/pages\/32480"}],"collection":[{"href":"https:\/\/santacatalina.org.pe\/fr\/wp-json\/wp\/v2\/pages"}],"about":[{"href":"https:\/\/santacatalina.org.pe\/fr\/wp-json\/wp\/v2\/types\/page"}],"author":[{"embeddable":true,"href":"https:\/\/santacatalina.org.pe\/fr\/wp-json\/wp\/v2\/users\/1"}],"replies":[{"embeddable":true,"href":"https:\/\/santacatalina.org.pe\/fr\/wp-json\/wp\/v2\/comments?post=32480"}],"version-history":[{"count":1,"href":"https:\/\/santacatalina.org.pe\/fr\/wp-json\/wp\/v2\/pages\/32480\/revisions"}],"predecessor-version":[{"id":32488,"href":"https:\/\/santacatalina.org.pe\/fr\/wp-json\/wp\/v2\/pages\/32480\/revisions\/32488"}],"up":[{"embeddable":true,"href":"https:\/\/santacatalina.org.pe\/fr\/wp-json\/wp\/v2\/pages\/32479"}],"wp:attachment":[{"href":"https:\/\/santacatalina.org.pe\/fr\/wp-json\/wp\/v2\/media?parent=32480"}],"curies":[{"name":"wp","href":"https:\/\/api.w.org\/{rel}","templated":true}]}}