{"id":32479,"date":"2021-01-25T11:58:20","date_gmt":"2021-01-25T16:58:20","guid":{"rendered":"https:\/\/santacatalina.org.pe\/?page_id=32479"},"modified":"2021-01-25T14:02:28","modified_gmt":"2021-01-25T19:02:28","slug":"programmes-speciaux","status":"publish","type":"page","link":"https:\/\/santacatalina.org.pe\/fr\/programmes-speciaux","title":{"rendered":"programmes sp\u00e9ciaux"},"content":{"rendered":"<section><div class=\"container\"><div class=\"row\"><div class=\"wpb_column hcode-column-container sm-margin-four-bottom vc_col-sm-12 vc_col-md-6 col-xs-mobile-fullwidth\" data-front-class=\"sm-margin-four-bottom col-xs-mobile-fullwidth\"><div class=\"vc-column-innner-wrapper\"><img loading=\"lazy\" decoding=\"async\" width=\"720\" height=\"480\" src=\"https:\/\/santacatalina.org.pe\/wp-content\/uploads\/2020\/06\/gu4.jpg\" class=\"\" alt=\"\" srcset=\"https:\/\/santacatalina.org.pe\/wp-content\/uploads\/2020\/06\/gu4.jpg 720w, https:\/\/santacatalina.org.pe\/wp-content\/uploads\/2020\/06\/gu4-600x400.jpg 600w, https:\/\/santacatalina.org.pe\/wp-content\/uploads\/2020\/06\/gu4-300x200.jpg 300w, https:\/\/santacatalina.org.pe\/wp-content\/uploads\/2020\/06\/gu4-81x54.jpg 81w\" sizes=\"(max-width: 720px) 100vw, 720px\" \/><\/div><\/div><div class=\"wpb_column hcode-column-container vc_col-sm-12 vc_col-md-6 col-xs-mobile-fullwidth\" data-front-class=\"col-xs-mobile-fullwidth\"><div class=\"vc-column-innner-wrapper\"><div class=\"margin-four-all\"><p class=\"title-large text-uppercase letter-spacing-1 font-weight-600 black-text hcode-font-setting-5ed12d1bf22a2\" style=\"line-height: 51px; color: #85280f !important;\">Programa educativo para escolares<\/p>\n<p class=\"text-med\">Aprende sobre nuestra historia y riqueza cultural<\/p>\n<p class=\"text-med\">El Monasterio de Santa Catalina es un museo y monumento hist\u00f3rico con riqueza cultural invalorable, conocerlo significa acercarnos a nuestra identidad y aprender el por qu\u00e9 debemos sentirnos orgullosos de nuestro patrimonio.<\/p>\n<p><a class=\"inner-link button btn hcode-button-1 btn-small-black-border-light btn-medium\" href=\"https:\/\/santacatalina.org.pe\/index.php\/programas-especiales\/programa-educativo\/\" target=\"_self\" rel=\"noopener noreferrer\">M\u00e1s Informac\u00edon<\/a><\/p>\n<\/div><\/div><\/div><div class=\"wpb_column hcode-column-container vc_col-sm-12 vc_col-md-12 col-xs-mobile-fullwidth\" data-front-class=\"col-xs-mobile-fullwidth\"><div class=\"vc-column-innner-wrapper\"><div class=\" wide-separator-line\" style=\" background:#e5e5e5;\"><\/div><\/div><\/div><div class=\"wpb_column hcode-column-container vc_col-sm-12 vc_col-md-6 col-xs-mobile-fullwidth\" data-front-class=\"col-xs-mobile-fullwidth\"><div class=\"vc-column-innner-wrapper\"><div class=\"margin-four-all\"><p class=\"title-large text-uppercase letter-spacing-1 font-weight-600 black-text hcode-font-setting-5ed12d1bf22a2\" style=\"line-height: 11px; color: #85280f !important;\">Visitas teatralizadas<\/p>\n<p class=\"text-med\">\u201cRetrocede en el tiempo y vive una experiencia inolvidable\u201d.<\/p>\n<p class=\"text-med\">Es la frase con la cual presentamos al p\u00fablico nuestras Visitas Guiadas Teatralizadas, desde el a\u00f1o 2016, con mucho \u00e9xito.Se trata de un recorrido nocturno en el que los visitantes disfrutan de la magia de Santa Catalina de noche, encontrando dura nte su paseo a diferentes personajes que cuentan su historia sobre c\u00f3mo y por qu\u00e9 llegaron al monasterio.<\/p>\n<p><a class=\"inner-link button btn hcode-button-1 btn-small-black-border-light btn-medium\" href=\"https:\/\/santacatalina.org.pe\/index.php\/programas-especiales\/visitas-teatralizadas\/\" target=\"_self\" rel=\"noopener noreferrer\">M\u00e1s Informac\u00edon<\/a><\/p>\n<\/div><\/div><\/div><div class=\"wpb_column hcode-column-container sm-margin-four-bottom vc_col-sm-12 vc_col-md-6 col-xs-mobile-fullwidth\" data-front-class=\"sm-margin-four-bottom col-xs-mobile-fullwidth\"><div class=\"vc-column-innner-wrapper\"><img loading=\"lazy\" decoding=\"async\" width=\"600\" height=\"412\" src=\"https:\/\/santacatalina.org.pe\/wp-content\/uploads\/2020\/06\/especial1.jpg\" class=\"\" alt=\"\" srcset=\"https:\/\/santacatalina.org.pe\/wp-content\/uploads\/2020\/06\/especial1.jpg 600w, https:\/\/santacatalina.org.pe\/wp-content\/uploads\/2020\/06\/especial1-300x206.jpg 300w, https:\/\/santacatalina.org.pe\/wp-content\/uploads\/2020\/06\/especial1-81x56.jpg 81w\" sizes=\"(max-width: 600px) 100vw, 600px\" \/><\/div><\/div><div class=\"wpb_column hcode-column-container vc_col-sm-12 vc_col-md-12 col-xs-mobile-fullwidth\" data-front-class=\"col-xs-mobile-fullwidth\"><div class=\"vc-column-innner-wrapper\"><div class=\" wide-separator-line\" style=\" background:#ffffff;\"><\/div><\/div><\/div><\/div><\/div><\/section>","protected":false},"excerpt":{"rendered":"<p>Programa educativo para escolares Aprende sobre nuestra historia y riqueza cultural El Monasterio de Santa Catalina es un museo y monumento hist\u00f3rico con riqueza cultural invalorable, conocerlo significa acercarnos a nuestra identidad y aprender el por qu\u00e9 debemos sentirnos orgullosos de nuestro patrimonio. M\u00e1s Informac\u00edon Visitas teatralizadas \u201cRetrocede en el tiempo y vive una experiencia [&hellip;]<\/p>\n","protected":false},"author":1,"featured_media":0,"parent":0,"menu_order":0,"comment_status":"closed","ping_status":"closed","template":"","meta":{"footnotes":""},"_links":{"self":[{"href":"https:\/\/santacatalina.org.pe\/fr\/wp-json\/wp\/v2\/pages\/32479"}],"collection":[{"href":"https:\/\/santacatalina.org.pe\/fr\/wp-json\/wp\/v2\/pages"}],"about":[{"href":"https:\/\/santacatalina.org.pe\/fr\/wp-json\/wp\/v2\/types\/page"}],"author":[{"embeddable":true,"href":"https:\/\/santacatalina.org.pe\/fr\/wp-json\/wp\/v2\/users\/1"}],"replies":[{"embeddable":true,"href":"https:\/\/santacatalina.org.pe\/fr\/wp-json\/wp\/v2\/comments?post=32479"}],"version-history":[{"count":1,"href":"https:\/\/santacatalina.org.pe\/fr\/wp-json\/wp\/v2\/pages\/32479\/revisions"}],"predecessor-version":[{"id":32487,"href":"https:\/\/santacatalina.org.pe\/fr\/wp-json\/wp\/v2\/pages\/32479\/revisions\/32487"}],"wp:attachment":[{"href":"https:\/\/santacatalina.org.pe\/fr\/wp-json\/wp\/v2\/media?parent=32479"}],"curies":[{"name":"wp","href":"https:\/\/api.w.org\/{rel}","templated":true}]}}