{"id":32475,"date":"2021-01-25T11:24:36","date_gmt":"2021-01-25T16:24:36","guid":{"rendered":"https:\/\/santacatalina.org.pe\/?page_id=32475"},"modified":"2021-01-28T11:15:34","modified_gmt":"2021-01-28T16:15:34","slug":"carte-et-protocole","status":"publish","type":"page","link":"https:\/\/santacatalina.org.pe\/fr\/carte-et-protocole","title":{"rendered":"Carte et protocole"},"content":{"rendered":"<section><div class=\"container\"><div class=\"row\"><div class=\"wpb_column hcode-column-container vc_col-sm-6 col-xs-mobile-fullwidth\" data-front-class=\"col-xs-mobile-fullwidth\"><div class=\"vc-column-innner-wrapper\"><p><strong>\u00a1BIENVENIDO AL MONASTERIO DE SANTA CATALINA!<\/strong><br \/>\nPara que pueda disfrutar de una visita segura y placentera, cuid\u00e1ndose y cuidando a los dem\u00e1s, por favor tenga en cuenta las siguientes recomendaciones:<\/p>\n<ul>\n<li>Antes de ingresar al Monasterio, nuestro personal le tomar\u00e1 la temperatura, si \u00e9sta registra 38\u00b0C \/100.4 \u00b0F o m\u00e1s, no podr\u00e1 efectuar la visita.<\/li>\n<li>Deber\u00e1 limpiarse los zapatos en el pediluvio que encontrar\u00e1 en la entrada.<\/li>\n<li>Se le proporcionar\u00e1 alcohol 0 gel para mantener sus manos limpias.<\/li>\n<li>Deber\u00e1 tener colocada una mascarilla, cubriendo nariz y boca durante todo el tiempo de su visita.<\/li>\n<li>Los grupos de visitantes no podr\u00e1n exceder de 8 personas, incluyendo al gu\u00eda de turismo, si \u00e9ste los estuviera acompa\u00f1ando.<\/li>\n<li>Al terminar su visita no podr\u00e1 retornar a los espacios visitados y la Salida ser\u00e1 por la calle Ugarte. La visita tendr\u00e1 una duraci\u00f3n m\u00e1xima de una hora.<\/li>\n<li>Le agradeceremos seguir la se\u00f1alizaci\u00f3n durante todo el recorrido y respetar siempre el distanciamiento de un metro como m\u00ednimo.<\/li>\n<li>El aforo en las celdas peque\u00f1as ser\u00e1 de dos personas como m\u00e1ximo, a la vez.<\/li>\n<li>Si requiere de una silla de ruedas para realizar su visita, solic\u00edtela al personal de Porter\u00eda.<\/li>\n<li>Recomendamos contratar los servicios de las gu\u00edas independientes autorizadas por el Monasterio de Santa Catalina. Este costo no est\u00e1 incluido en el precio del boleto.<\/li>\n<li>Para hacer su recorrido use el mapa que encontrara en el c\u00f3digo QR al ingresar al monasterio<\/li>\n<\/ul>\n<p>Gracias por su cooperaci\u00f3n.<\/p>\n<\/div><\/div><div class=\"wpb_column hcode-column-container vc_col-sm-6 col-xs-mobile-fullwidth\" data-front-class=\"col-xs-mobile-fullwidth\"><div class=\"vc-column-innner-wrapper\"><p><strong>MAPA DEL MONASTERIO DE SANTA CATALINA<\/strong><\/p>\n[vc_single_image image=\"19719\" img_size=\"full\" onclick=\"img_link_large\"]<\/div><\/div><\/div><\/div><\/section>","protected":false},"excerpt":{"rendered":"<p>\u00a1BIENVENIDO AL MONASTERIO DE SANTA CATALINA! Para que pueda disfrutar de una visita segura y placentera, cuid\u00e1ndose y cuidando a los dem\u00e1s, por favor tenga en cuenta las siguientes recomendaciones: Antes de ingresar al Monasterio, nuestro personal le tomar\u00e1 la temperatura, si \u00e9sta registra 38\u00b0C \/100.4 \u00b0F o m\u00e1s, no podr\u00e1 efectuar la visita. Deber\u00e1 [&hellip;]<\/p>\n","protected":false},"author":1,"featured_media":0,"parent":0,"menu_order":0,"comment_status":"closed","ping_status":"closed","template":"","meta":{"footnotes":""},"_links":{"self":[{"href":"https:\/\/santacatalina.org.pe\/fr\/wp-json\/wp\/v2\/pages\/32475"}],"collection":[{"href":"https:\/\/santacatalina.org.pe\/fr\/wp-json\/wp\/v2\/pages"}],"about":[{"href":"https:\/\/santacatalina.org.pe\/fr\/wp-json\/wp\/v2\/types\/page"}],"author":[{"embeddable":true,"href":"https:\/\/santacatalina.org.pe\/fr\/wp-json\/wp\/v2\/users\/1"}],"replies":[{"embeddable":true,"href":"https:\/\/santacatalina.org.pe\/fr\/wp-json\/wp\/v2\/comments?post=32475"}],"version-history":[{"count":1,"href":"https:\/\/santacatalina.org.pe\/fr\/wp-json\/wp\/v2\/pages\/32475\/revisions"}],"predecessor-version":[{"id":32476,"href":"https:\/\/santacatalina.org.pe\/fr\/wp-json\/wp\/v2\/pages\/32475\/revisions\/32476"}],"wp:attachment":[{"href":"https:\/\/santacatalina.org.pe\/fr\/wp-json\/wp\/v2\/media?parent=32475"}],"curies":[{"name":"wp","href":"https:\/\/api.w.org\/{rel}","templated":true}]}}