{"id":32439,"date":"2021-01-25T11:19:37","date_gmt":"2021-01-25T16:19:37","guid":{"rendered":"https:\/\/santacatalina.org.pe\/?page_id=32439"},"modified":"2022-07-18T16:18:42","modified_gmt":"2022-07-18T21:18:42","slug":"inicio-duplicate-1","status":"publish","type":"page","link":"https:\/\/santacatalina.org.pe\/fr","title":{"rendered":"Accueil"},"content":{"rendered":"<section  class=\"parallax-section-main position-relative full-screen no-padding bg-image-srcset\" style=\"background-image: url(https:\/\/santacatalina.org.pe\/wp-content\/uploads\/2020\/09\/fondonegro.jpg);\" data-bg-srcset=\"https:\/\/santacatalina.org.pe\/wp-content\/uploads\/2020\/09\/fondonegro.jpg 2100w, https:\/\/santacatalina.org.pe\/wp-content\/uploads\/2020\/09\/fondonegro-600x371.jpg 600w, https:\/\/santacatalina.org.pe\/wp-content\/uploads\/2020\/09\/fondonegro-300x186.jpg 300w, https:\/\/santacatalina.org.pe\/wp-content\/uploads\/2020\/09\/fondonegro-1024x634.jpg 1024w, https:\/\/santacatalina.org.pe\/wp-content\/uploads\/2020\/09\/fondonegro-768x475.jpg 768w, https:\/\/santacatalina.org.pe\/wp-content\/uploads\/2020\/09\/fondonegro-1536x951.jpg 1536w, https:\/\/santacatalina.org.pe\/wp-content\/uploads\/2020\/09\/fondonegro-2048x1268.jpg 2048w, https:\/\/santacatalina.org.pe\/wp-content\/uploads\/2020\/09\/fondonegro-825x510.jpg 825w, https:\/\/santacatalina.org.pe\/wp-content\/uploads\/2020\/09\/fondonegro-133x83.jpg 133w, https:\/\/santacatalina.org.pe\/wp-content\/uploads\/2020\/09\/fondonegro-81x50.jpg 81w\"><div class=\"container-fluid\"><div class=\"row\"><div class=\"wpb_column hcode-column-container full-screen  col-xs-mobile-fullwidth\" data-front-class=\"full-screen col-xs-mobile-fullwidth front-column-class\"><div class=\"vc-column-innner-wrapper\">\n\t\t\t<!-- START HOME2 1 REVOLUTION SLIDER 6.6.20 --><p class=\"rs-p-wp-fix\"><\/p>\n\t\t\t<rs-module-wrap id=\"rev_slider_4_1_wrapper\" data-source=\"gallery\" style=\"visibility:hidden;background:transparent;padding:0;margin:0px auto;margin-top:0;margin-bottom:0;\">\n\t\t\t\t<rs-module id=\"rev_slider_4_1\" style=\"\" data-version=\"6.6.20\">\n\t\t\t\t\t<rs-slides style=\"overflow: hidden; position: absolute;\">\n\t\t\t\t\t\t<rs-slide style=\"position: absolute;\" data-key=\"rs-6\" data-title=\"Slide\" data-anim=\"ms:1000;r:0;\" data-in=\"o:0;\" data-out=\"a:false;\">\n\t\t\t\t\t\t\t<img decoding=\"async\" src=\"\/\/santacatalina.org.pe\/wp-content\/plugins\/revslider\/public\/assets\/assets\/dummy.png\" alt=\"\" title=\"Accueil\" class=\"rev-slidebg tp-rs-img rs-lazyload\" data-lazyload=\"\/\/santacatalina.org.pe\/wp-content\/plugins\/revslider\/public\/assets\/assets\/transparent.png\" data-no-retina>\n\t\t\t\t\t\t\t<rs-bgvideo \n\t\t\t\t\t\t\t\tdata-video=\"vc:none;w:100%;h:100%;nse:false;l:true;ptimer:false;\"\n\t\t\t\t\t\t\t\tdata-vimeoid=\"424959163\"\n\t\t\t\t\t\t\t\tdata-vatr=\"background=1&amp;title=0&amp;byline=0&amp;portrait=0&amp;api=1\"\n\t\t\t\t\t\t\t><\/rs-bgvideo>\n<!--\n\t\t\t\t\t\t\t--><rs-layer\n\t\t\t\t\t\t\t\tid=\"slider-4-slide-6-layer-8\" \n\t\t\t\t\t\t\t\tdata-type=\"text\"\n\t\t\t\t\t\t\t\tdata-color=\"#ffffff\"\n\t\t\t\t\t\t\t\tdata-rsp_ch=\"on\"\n\t\t\t\t\t\t\t\tdata-xy=\"x:1168px;y:666px;\"\n\t\t\t\t\t\t\t\tdata-text=\"w:normal;s:50;l:50;fw:700;\"\n\t\t\t\t\t\t\t\tdata-actions='o:click;a:mutevideo;layer:backgroundvideo;'\n\t\t\t\t\t\t\t\tdata-frame_999=\"o:0;st:w;\"\n\t\t\t\t\t\t\t\tstyle=\"z-index:11;font-family:'Roboto';\"\n\t\t\t\t\t\t\t><i class=\"material-icons\">volume_off<\/i> \n\t\t\t\t\t\t\t<\/rs-layer><!--\n\n\t\t\t\t\t\t\t--><rs-layer\n\t\t\t\t\t\t\t\tid=\"slider-4-slide-6-layer-9\" \n\t\t\t\t\t\t\t\tdata-type=\"text\"\n\t\t\t\t\t\t\t\tdata-color=\"#ffffff\"\n\t\t\t\t\t\t\t\tdata-rsp_ch=\"on\"\n\t\t\t\t\t\t\t\tdata-xy=\"x:1106px;y:666px;\"\n\t\t\t\t\t\t\t\tdata-text=\"w:normal;s:50;l:50;fw:700;\"\n\t\t\t\t\t\t\t\tdata-actions='o:click;a:unmutevideo;layer:backgroundvideo;'\n\t\t\t\t\t\t\t\tdata-frame_999=\"o:0;st:w;\"\n\t\t\t\t\t\t\t\tstyle=\"z-index:12;font-family:'Roboto';font-size:50px !important;\"\n\t\t\t\t\t\t\t><i class=\"material-icons\">volume_up<\/i> \n\t\t\t\t\t\t\t<\/rs-layer><!--\n-->\t\t\t\t\t\t<\/rs-slide>\n\t\t\t\t\t<\/rs-slides>\n\t\t\t\t<\/rs-module>\n\t\t\t\t<script>\n\t\t\t\t\tsetREVStartSize({c: 'rev_slider_4_1',rl:[1240,1024,778,480],el:[750],gw:[1240],gh:[750],type:'standard',justify:'',layout:'fullwidth',mh:\"0\"});if (window.RS_MODULES!==undefined && window.RS_MODULES.modules!==undefined && window.RS_MODULES.modules[\"revslider41\"]!==undefined) {window.RS_MODULES.modules[\"revslider41\"].once = false;window.revapi4 = undefined;if (window.RS_MODULES.checkMinimal!==undefined) window.RS_MODULES.checkMinimal()}\n\t\t\t\t<\/script>\n\t\t\t<\/rs-module-wrap>\n\t\t\t<!-- END REVOLUTION SLIDER -->\n<\/div><\/div><\/div><\/div><\/section><section id=\"main\" class=\"wow fadeIn\"><div class=\"container\"><div class=\"row\"><div class=\"wpb_column hcode-column-container text-center sm-text-center xs-text-center sm-padding-two-bottom xs-padding-two-bottom vc_col-sm-6 vc_col-md-6 col-xs-mobile-fullwidth\" data-front-class=\"text-center sm-text-center xs-text-center sm-padding-two-bottom xs-padding-two-bottom col-xs-mobile-fullwidth\"><div class=\"vc-column-innner-wrapper\"><div class=\"hcode-inner-row\"><div class=\"wpb_column hcode-column-container vc_col-sm-12 col-xs-mobile-fullwidth\" data-front-class=\"col-xs-mobile-fullwidth\"><div class=\"vc-column-innner-wrapper\">[vc_single_image image=\"18936\" alignment=\"center\" css=\".vc_custom_1592010934999{padding-top: 5px !important;padding-right: 5px !important;padding-bottom: 5px !important;padding-left: 5px !important;}\"]<span class=\"title-large text-uppercase letter-spacing-1 font-weight-600 black-text hcode-font-setting-69e10e927c3f8\"  style=\" line-height:71px; color:#85280f !important;\">\u00a1Una Ciudad dentro de la Ciudad!<\/span><p style=\"text-align: center;\">20 mil metros cuadrados, cuatro barrios, que emulan la distribuci\u00f3n urbana arequipe\u00f1a de los primeros a\u00f1os de la Colonia.<\/p>\n<\/div><\/div><\/div><\/div><\/div><div class=\"wpb_column hcode-column-container text-center vc_col-sm-6 vc_col-md-6 col-xs-mobile-fullwidth\" data-front-class=\"text-center col-xs-mobile-fullwidth\"><div class=\"vc-column-innner-wrapper\"><img loading=\"lazy\" decoding=\"async\" width=\"603\" height=\"342\" src=\"https:\/\/santacatalina.org.pe\/wp-content\/uploads\/2020\/06\/santa-catalina-home.jpg\" class=\" xs-img-full\" alt=\"\" srcset=\"https:\/\/santacatalina.org.pe\/wp-content\/uploads\/2020\/06\/santa-catalina-home.jpg 603w, https:\/\/santacatalina.org.pe\/wp-content\/uploads\/2020\/06\/santa-catalina-home-600x340.jpg 600w, https:\/\/santacatalina.org.pe\/wp-content\/uploads\/2020\/06\/santa-catalina-home-300x170.jpg 300w, https:\/\/santacatalina.org.pe\/wp-content\/uploads\/2020\/06\/santa-catalina-home-81x46.jpg 81w\" sizes=\"(max-width: 603px) 100vw, 603px\" \/><\/div><\/div><\/div><\/div><\/section><section  class=\"no-padding wow fadeIn bg-image-srcset fix-background\" style=\"background-image: url(https:\/\/santacatalina.org.pe\/wp-content\/uploads\/2020\/06\/monasterio-360.jpg);\" data-bg-srcset=\"https:\/\/santacatalina.org.pe\/wp-content\/uploads\/2020\/06\/monasterio-360.jpg 1920w, https:\/\/santacatalina.org.pe\/wp-content\/uploads\/2020\/06\/monasterio-360-600x344.jpg 600w, https:\/\/santacatalina.org.pe\/wp-content\/uploads\/2020\/06\/monasterio-360-300x172.jpg 300w, https:\/\/santacatalina.org.pe\/wp-content\/uploads\/2020\/06\/monasterio-360-1024x587.jpg 1024w, https:\/\/santacatalina.org.pe\/wp-content\/uploads\/2020\/06\/monasterio-360-768x440.jpg 768w, https:\/\/santacatalina.org.pe\/wp-content\/uploads\/2020\/06\/monasterio-360-1536x880.jpg 1536w, https:\/\/santacatalina.org.pe\/wp-content\/uploads\/2020\/06\/monasterio-360-81x46.jpg 81w\"><div class=\"container-fluid\"><div class=\"row\"><div class=\"wpb_column hcode-column-container pull-right padding-eight-bottom xs-padding-seven-bottom  vc_col-md-6 col-xs-mobile-fullwidth\" data-front-class=\"pull-right padding-eight-bottom xs-padding-seven-bottom col-xs-mobile-fullwidth front-column-class\" data-background=#4c1210 style=\" background:#4c1210;\"><div class=\"vc-column-innner-wrapper\"><div class=\"spa-treatments xs-no-float \" ><div class=\"right-content col-lg-6 col-md-12 col-xs-12\"><span class=\"title-large text-uppercase white-text font-weight-600 letter-spacing-1 hcode-font-setting-69e10e927c925\" >MAPA DEL MONASTERIO<\/span><p style=\"text-align: center;\"><a class=\"btn-medium-orion\" href=\"https:\/\/santacatalina.org.pe\/fr\/index.php\/carte-et-protocole\/\" target=\"_self\" rel=\"noopener noreferrer\">VER MAPA<\/a><\/p>\n<\/div><\/div><\/div><\/div><\/div><\/div><\/section><section id=\"main\" class=\"wow fadeIn\"><div class=\"container\"><div class=\"row\"><div class=\"wpb_column hcode-column-container text-center sm-text-center xs-text-center sm-padding-two-bottom xs-padding-two-bottom vc_col-sm-6 vc_col-md-6 col-xs-mobile-fullwidth\" data-front-class=\"text-center sm-text-center xs-text-center sm-padding-two-bottom xs-padding-two-bottom col-xs-mobile-fullwidth\"><div class=\"vc-column-innner-wrapper\"><div class=\"hcode-inner-row\"><div class=\"wpb_column hcode-column-container vc_col-sm-12 col-xs-mobile-fullwidth\" data-front-class=\"col-xs-mobile-fullwidth\"><div class=\"vc-column-innner-wrapper\">[vc_single_image image=\"18936\" alignment=\"center\" css=\".vc_custom_1592010934999{padding-top: 5px !important;padding-right: 5px !important;padding-bottom: 5px !important;padding-left: 5px !important;}\"]<span class=\"title-large text-uppercase letter-spacing-1 font-weight-600 black-text hcode-font-setting-69e10e927cc93\"  style=\" line-height:71px; color:#85280f !important;\">Programas Especiales<\/span><p style=\"text-align: center;\">El Monasterio de Santa Catalina dispone de 2 programas especiales, un programa exclusivo para los estudiantes de primaria y secundaria, as\u00ed como un programa de visitas teatralizadas para el publico en general<\/p>\n<a  href=\"https:\/\/santacatalina.org.pe\/index.php\/programas-especiales\/\" target=\"_self\"  class=\"inner-link button btn  hcode-button-1 btn-small-black-border-light btn-medium\">Mas informaci\u00f3n<\/a><\/div><\/div><\/div><\/div><\/div><div class=\"wpb_column hcode-column-container text-center vc_col-sm-6 vc_col-md-6 col-xs-mobile-fullwidth\" data-front-class=\"text-center col-xs-mobile-fullwidth\"><div class=\"vc-column-innner-wrapper\">[vc_gallery type=\"nivo\" interval=\"3\" images=\"18949,18950\" img_size=\"full\" onclick=\"\"]<\/div><\/div><\/div><\/div><\/section><section  class=\"no-padding bg-image-srcset fix-background\" style=\"background-image: url(https:\/\/santacatalina.org.pe\/wp-content\/uploads\/2020\/06\/bg.jpg);\" data-bg-srcset=\"https:\/\/santacatalina.org.pe\/wp-content\/uploads\/2020\/06\/bg.jpg 1366w, https:\/\/santacatalina.org.pe\/wp-content\/uploads\/2020\/06\/bg-600x246.jpg 600w, https:\/\/santacatalina.org.pe\/wp-content\/uploads\/2020\/06\/bg-300x123.jpg 300w, https:\/\/santacatalina.org.pe\/wp-content\/uploads\/2020\/06\/bg-1024x420.jpg 1024w, https:\/\/santacatalina.org.pe\/wp-content\/uploads\/2020\/06\/bg-768x315.jpg 768w, https:\/\/santacatalina.org.pe\/wp-content\/uploads\/2020\/06\/bg-81x33.jpg 81w\"><div class=\"container-fluid\"><div class=\"row\"><div class=\"wpb_column hcode-column-container  col-xs-mobile-fullwidth\" data-front-class=\"col-xs-mobile-fullwidth front-column-class\"><div class=\"vc-column-innner-wrapper\"><div id=\"hcode-owl-content-slider1-1\" class=\"owl-carousel owl-theme  no-cursor dot-pagination dark-pagination dark-navigation main-slider \"><div class=\"item\"><div class=\"col-lg-6 col-md-6 case-study-img cover-background bg-image-srcset\" style=\"background-image:url(https:\/\/santacatalina.org.pe\/wp-content\/uploads\/2020\/06\/guiado-pro.jpg);\" data-bg-srcset=\"https:\/\/santacatalina.org.pe\/wp-content\/uploads\/2020\/06\/guiado-pro.jpg 768w, https:\/\/santacatalina.org.pe\/wp-content\/uploads\/2020\/06\/guiado-pro-600x376.jpg 600w, https:\/\/santacatalina.org.pe\/wp-content\/uploads\/2020\/06\/guiado-pro-300x188.jpg 300w, https:\/\/santacatalina.org.pe\/wp-content\/uploads\/2020\/06\/guiado-pro-133x83.jpg 133w, https:\/\/santacatalina.org.pe\/wp-content\/uploads\/2020\/06\/guiado-pro-374x234.jpg 374w, https:\/\/santacatalina.org.pe\/wp-content\/uploads\/2020\/06\/guiado-pro-81x51.jpg 81w\"><\/div><div class=\"col-lg-6 col-md-6 case-study-details content-slider-details\"><div class=\"slider-typography\"><div class=\"slider-text-middle-main\"><div class=\"slider-text-middle\"><div class=\"col-lg-3 col-md-3 col-sm-3 col-xs-12\"><span class=\"about-number alt-font black-text font-weight-400 letter-spacing-2 xs-no-border xs-no-padding-left xs-display-none hcode-font-setting-69e10e927cfde\" style=\"color:#4c1210 !important;\"><\/span><\/div><div class=\"col-lg-8 col-md-9 col-sm-9 col-xs-12 about-text position-relative xs-text-center\"><p class=\"title-small text-uppercase letter-spacing-3 black-text font-weight-600 no-margin-bottom hcode-font-setting-69e10e927cfe4\" style=\"color:#85280f !important;\">Guiado profesional<\/p><span class=\"case-study-work letter-spacing-3\" >Servicios | Monasterio de Santa Catalina<\/span><p>El Monasterio de Santa Catalina cuenta con gu\u00edas profesionales independientes, especializadas, en los idiomas Ingl\u00e9s, Franc\u00e9s, Alem\u00e1n, Italiano, Japon\u00e9s, Portugu\u00e9s y Espa\u00f1ol.<\/p>\n<\/div><\/div><\/div><\/div><\/div><\/div><div class=\"item\"><div class=\"col-lg-6 col-md-6 case-study-img cover-background bg-image-srcset\" style=\"background-image:url(https:\/\/santacatalina.org.pe\/wp-content\/uploads\/2021\/12\/cafeteria200.jpg);\" data-bg-srcset=\"https:\/\/santacatalina.org.pe\/wp-content\/uploads\/2021\/12\/cafeteria200.jpg 720w, https:\/\/santacatalina.org.pe\/wp-content\/uploads\/2021\/12\/cafeteria200-600x400.jpg 600w, https:\/\/santacatalina.org.pe\/wp-content\/uploads\/2021\/12\/cafeteria200-300x200.jpg 300w, https:\/\/santacatalina.org.pe\/wp-content\/uploads\/2021\/12\/cafeteria200-81x54.jpg 81w\"><\/div><div class=\"col-lg-6 col-md-6 case-study-details content-slider-details\"><div class=\"slider-typography\"><div class=\"slider-text-middle-main\"><div class=\"slider-text-middle\"><div class=\"col-lg-3 col-md-3 col-sm-3 col-xs-12\"><span class=\"about-number alt-font black-text font-weight-400 letter-spacing-2 xs-no-border xs-no-padding-left xs-display-none hcode-font-setting-69e10e927d1a6\" style=\"color:#4c1210 !important;\"><\/span><\/div><div class=\"col-lg-8 col-md-9 col-sm-9 col-xs-12 about-text position-relative xs-text-center\"><p class=\"title-small text-uppercase letter-spacing-3 black-text font-weight-600 no-margin-bottom hcode-font-setting-69e10e927d1aa\" style=\"color:#85280f !important;\">Cafeter\u00eda<\/p><span class=\"case-study-work letter-spacing-3\" >Servicios | Monasterio de Santa Catalina<\/span><p>El lugar ideal para disfrutar de una deliciosa pausa y donde podr\u00e1s encontrar postres hechos por las monjas que viven en el Monasterio de Santa Catalina.<\/p>\n<\/div><\/div><\/div><\/div><\/div><\/div><div class=\"item\"><div class=\"col-lg-6 col-md-6 case-study-img cover-background bg-image-srcset\" style=\"background-image:url(https:\/\/santacatalina.org.pe\/wp-content\/uploads\/2020\/06\/tienda.jpg);\" data-bg-srcset=\"https:\/\/santacatalina.org.pe\/wp-content\/uploads\/2020\/06\/tienda.jpg 768w, https:\/\/santacatalina.org.pe\/wp-content\/uploads\/2020\/06\/tienda-600x376.jpg 600w, https:\/\/santacatalina.org.pe\/wp-content\/uploads\/2020\/06\/tienda-300x188.jpg 300w, https:\/\/santacatalina.org.pe\/wp-content\/uploads\/2020\/06\/tienda-133x83.jpg 133w, https:\/\/santacatalina.org.pe\/wp-content\/uploads\/2020\/06\/tienda-374x234.jpg 374w, https:\/\/santacatalina.org.pe\/wp-content\/uploads\/2020\/06\/tienda-81x51.jpg 81w\"><\/div><div class=\"col-lg-6 col-md-6 case-study-details content-slider-details\"><div class=\"slider-typography\"><div class=\"slider-text-middle-main\"><div class=\"slider-text-middle\"><div class=\"col-lg-3 col-md-3 col-sm-3 col-xs-12\"><span class=\"about-number alt-font black-text font-weight-400 letter-spacing-2 xs-no-border xs-no-padding-left xs-display-none hcode-font-setting-69e10e927d3c0\" style=\"color:#4c1210 !important;\"><\/span><\/div><div class=\"col-lg-8 col-md-9 col-sm-9 col-xs-12 about-text position-relative xs-text-center\"><p class=\"title-small text-uppercase letter-spacing-3 black-text font-weight-600 no-margin-bottom hcode-font-setting-69e10e927d3c5\" style=\"color:#85280f !important;\">Tienda de Souvenirs<\/p><span class=\"case-study-work letter-spacing-3\" >Servicios | Monasterio de Santa Catalina<\/span><p>Ll\u00e9vate un lindo y singular recuerdo de tu visita a Santa Catalina. En nuestra tienda encontrar\u00e1s art\u00edculos que expresan la cultura tradicional arequipe\u00f1a.<\/p>\n<\/div><\/div><\/div><\/div><\/div><\/div><div class=\"item\"><div class=\"col-lg-6 col-md-6 case-study-img cover-background bg-image-srcset\" style=\"background-image:url(https:\/\/santacatalina.org.pe\/wp-content\/uploads\/2020\/06\/lockers.jpg);\" data-bg-srcset=\"https:\/\/santacatalina.org.pe\/wp-content\/uploads\/2020\/06\/lockers.jpg 768w, https:\/\/santacatalina.org.pe\/wp-content\/uploads\/2020\/06\/lockers-600x376.jpg 600w, https:\/\/santacatalina.org.pe\/wp-content\/uploads\/2020\/06\/lockers-300x188.jpg 300w, https:\/\/santacatalina.org.pe\/wp-content\/uploads\/2020\/06\/lockers-133x83.jpg 133w, https:\/\/santacatalina.org.pe\/wp-content\/uploads\/2020\/06\/lockers-374x234.jpg 374w, https:\/\/santacatalina.org.pe\/wp-content\/uploads\/2020\/06\/lockers-81x51.jpg 81w\"><\/div><div class=\"col-lg-6 col-md-6 case-study-details content-slider-details\"><div class=\"slider-typography\"><div class=\"slider-text-middle-main\"><div class=\"slider-text-middle\"><div class=\"col-lg-3 col-md-3 col-sm-3 col-xs-12\"><span class=\"about-number alt-font black-text font-weight-400 letter-spacing-2 xs-no-border xs-no-padding-left xs-display-none hcode-font-setting-69e10e927dae1\" style=\"color:#4c1210 !important;\"><\/span><\/div><div class=\"col-lg-8 col-md-9 col-sm-9 col-xs-12 about-text position-relative xs-text-center\"><p class=\"title-small text-uppercase letter-spacing-3 black-text font-weight-600 no-margin-bottom hcode-font-setting-69e10e927dae6\" style=\"color:#85280f !important;\">Lockers<\/p><span class=\"case-study-work letter-spacing-3\" >Servicios | Monasterio de Santa Catalina<\/span><p>Para la seguridad y comodidad de nuestros visitantes, tenemos implementados lockers a su disposici\u00f3n. Para que su \u00fanica preocupaci\u00f3n sea disfrutar del recorrido.<\/p>\n<p>NO DISPONIBLE TEMPORALMENTE <\/p>\n<\/div><\/div><\/div><\/div><\/div><\/div><\/div>        <script type=\"text\/javascript\">\n            jQuery(document).ready(function () {\n                jQuery(\"#hcode-owl-content-slider1-1\").owlCarousel({\n                    autoplay:true, autoplayTimeout: 5000,autoplaySpeed: 700,autoplayHoverPause: false, nav: false,dots: false,loop: true, items: 1,dotsSpeed: 400,navText: [\"<i class='fa-solid fa-angle-left'><\/i>\", \"<i class='fa-solid fa-angle-right'><\/i>\"]                 });\n            });\n        <\/script>\n\n        <\/div><\/div><\/div><\/div><\/section><section id=\"main\" class=\"wow fadeIn\"><div class=\"container\"><div class=\"row\"><div class=\"wpb_column hcode-column-container text-center sm-text-center xs-text-center sm-padding-two-bottom xs-padding-two-bottom vc_col-sm-6 vc_col-md-6 col-xs-mobile-fullwidth\" data-front-class=\"text-center sm-text-center xs-text-center sm-padding-two-bottom xs-padding-two-bottom col-xs-mobile-fullwidth\"><div class=\"vc-column-innner-wrapper\"><div class=\"hcode-inner-row\"><div class=\"wpb_column hcode-column-container vc_col-sm-6 col-xs-mobile-fullwidth\" data-front-class=\"col-xs-mobile-fullwidth\"><div class=\"vc-column-innner-wrapper\"><span class=\"title-large text-uppercase letter-spacing-1 font-weight-600 black-text hcode-font-setting-69e10e927de83\"  style=\" line-height:71px; color:#85280f !important;\">Reconocimientos<\/span><\/div><\/div><div class=\"wpb_column hcode-column-container vc_col-sm-6 col-xs-mobile-fullwidth\" data-front-class=\"col-xs-mobile-fullwidth\"><div class=\"vc-column-innner-wrapper\">[vc_gallery type=\"nivo\" interval=\"3\" images=\"78051,20033,19508,19511,19514,19520,19517,19523,19526,19529\" img_size=\"full\"]<\/div><\/div><\/div><\/div><\/div><div class=\"wpb_column hcode-column-container text-center vc_col-sm-6 vc_col-md-6 col-xs-mobile-fullwidth\" data-front-class=\"text-center col-xs-mobile-fullwidth\"><div class=\"vc-column-innner-wrapper\"><div class=\"hcode-inner-row\"><div class=\"wpb_column hcode-column-container vc_col-sm-6 col-xs-mobile-fullwidth\" data-front-class=\"col-xs-mobile-fullwidth\"><div class=\"vc-column-innner-wrapper\"><span class=\"title-large text-uppercase letter-spacing-1 font-weight-600 black-text hcode-font-setting-69e10e927dfbd\"  style=\" line-height:71px; color:#85280f !important;\">Auspiciadores<\/span><\/div><\/div><div class=\"wpb_column hcode-column-container vc_col-sm-6 col-xs-mobile-fullwidth\" data-front-class=\"col-xs-mobile-fullwidth\"><div class=\"vc-column-innner-wrapper\">[vc_gallery type=\"nivo\" interval=\"3\" images=\"19532\" img_size=\"full\"]<\/div><\/div><\/div><\/div><\/div><\/div><\/div><\/section>\r\n","protected":false},"excerpt":{"rendered":"<p>volume_off volume_up [vc_single_image image=\u00a0\u00bb18936&Prime; alignment=\u00a0\u00bbcenter\u00a0\u00bb css=\u00a0\u00bb.vc_custom_1592010934999{padding-top: 5px !important;padding-right: 5px !important;padding-bottom: 5px !important;padding-left: 5px !important;}\u00a0\u00bb]\u00a1Una Ciudad dentro de la Ciudad!20 mil metros cuadrados, cuatro barrios, que emulan la distribuci\u00f3n urbana arequipe\u00f1a de los primeros a\u00f1os de la Colonia. MAPA DEL MONASTERIOVER MAPA [vc_single_image image=\u00a0\u00bb18936&Prime; alignment=\u00a0\u00bbcenter\u00a0\u00bb css=\u00a0\u00bb.vc_custom_1592010934999{padding-top: 5px !important;padding-right: 5px !important;padding-bottom: 5px !important;padding-left: 5px !important;}\u00a0\u00bb]Programas EspecialesEl Monasterio [&hellip;]<\/p>\n","protected":false},"author":1,"featured_media":0,"parent":0,"menu_order":0,"comment_status":"closed","ping_status":"closed","template":"","meta":{"footnotes":""},"_links":{"self":[{"href":"https:\/\/santacatalina.org.pe\/fr\/wp-json\/wp\/v2\/pages\/32439"}],"collection":[{"href":"https:\/\/santacatalina.org.pe\/fr\/wp-json\/wp\/v2\/pages"}],"about":[{"href":"https:\/\/santacatalina.org.pe\/fr\/wp-json\/wp\/v2\/types\/page"}],"author":[{"embeddable":true,"href":"https:\/\/santacatalina.org.pe\/fr\/wp-json\/wp\/v2\/users\/1"}],"replies":[{"embeddable":true,"href":"https:\/\/santacatalina.org.pe\/fr\/wp-json\/wp\/v2\/comments?post=32439"}],"version-history":[{"count":7,"href":"https:\/\/santacatalina.org.pe\/fr\/wp-json\/wp\/v2\/pages\/32439\/revisions"}],"predecessor-version":[{"id":78915,"href":"https:\/\/santacatalina.org.pe\/fr\/wp-json\/wp\/v2\/pages\/32439\/revisions\/78915"}],"wp:attachment":[{"href":"https:\/\/santacatalina.org.pe\/fr\/wp-json\/wp\/v2\/media?parent=32439"}],"curies":[{"name":"wp","href":"https:\/\/api.w.org\/{rel}","templated":true}]}}