{"id":32438,"date":"2021-01-25T11:17:03","date_gmt":"2021-01-25T16:17:03","guid":{"rendered":"https:\/\/santacatalina.org.pe\/?page_id=32438"},"modified":"2026-02-03T10:37:00","modified_gmt":"2026-02-03T15:37:00","slug":"horaires-et-prix","status":"publish","type":"page","link":"https:\/\/santacatalina.org.pe\/fr\/horaires-et-prix","title":{"rendered":"Horaires et prix"},"content":{"rendered":"<section class=\"no-padding\"><div class=\"container-fluid\"><div class=\"row\"><div class=\"wpb_column hcode-column-container  col-xs-mobile-fullwidth\" data-front-class=\"col-xs-mobile-fullwidth front-column-class\"><div class=\"vc-column-innner-wrapper\"><div id=\"hcode-owl-slider3-1\" class=\"owl-carousel owl-theme hcode-owl-slider3-1 hcode-owl-slider3  dot-pagination dark-pagination dark-navigation no-cursor restaurant-header  hcode-owl-slider3 \"><div class=\"item owl-bg-img bg-image-srcset\" style=\"background-image:url(https:\/\/santacatalina.org.pe\/wp-content\/uploads\/2020\/06\/3.jpg)\" data-bg-srcset=\"https:\/\/santacatalina.org.pe\/wp-content\/uploads\/2020\/06\/3.jpg 2100w, https:\/\/santacatalina.org.pe\/wp-content\/uploads\/2020\/06\/3-600x371.jpg 600w, https:\/\/santacatalina.org.pe\/wp-content\/uploads\/2020\/06\/3-300x186.jpg 300w, https:\/\/santacatalina.org.pe\/wp-content\/uploads\/2020\/06\/3-1024x634.jpg 1024w, https:\/\/santacatalina.org.pe\/wp-content\/uploads\/2020\/06\/3-768x475.jpg 768w, https:\/\/santacatalina.org.pe\/wp-content\/uploads\/2020\/06\/3-1536x951.jpg 1536w, https:\/\/santacatalina.org.pe\/wp-content\/uploads\/2020\/06\/3-2048x1268.jpg 2048w, https:\/\/santacatalina.org.pe\/wp-content\/uploads\/2020\/06\/3-825x510.jpg 825w, https:\/\/santacatalina.org.pe\/wp-content\/uploads\/2020\/06\/3-133x83.jpg 133w, https:\/\/santacatalina.org.pe\/wp-content\/uploads\/2020\/06\/3-81x50.jpg 81w\"><div class=\"opacity-medium bg-black\"><\/div><div class=\"container full-screen position-relative\" ><div class=\"slider-typography\"><div class=\"slider-text-middle-main\"><div class=\"slider-text-middle\"><h1 class=\"white-text font-weight-400 margin-five no-margin-bottom\"><span class=\"font-weight-600 letter-spacing-2\">Conoce Santa Catalina<\/span><\/h1><p class=\"resturant-slider-text white-text\">De Lunes a Domingo<\/p>\n<\/div><\/div><\/div><\/div><\/div><div class=\"item owl-bg-img bg-image-srcset\" style=\"background-image:url(https:\/\/santacatalina.org.pe\/wp-content\/uploads\/2020\/06\/1s.jpg)\" data-bg-srcset=\"https:\/\/santacatalina.org.pe\/wp-content\/uploads\/2020\/06\/1s.jpg 2100w, https:\/\/santacatalina.org.pe\/wp-content\/uploads\/2020\/06\/1s-600x371.jpg 600w, https:\/\/santacatalina.org.pe\/wp-content\/uploads\/2020\/06\/1s-300x186.jpg 300w, https:\/\/santacatalina.org.pe\/wp-content\/uploads\/2020\/06\/1s-1024x634.jpg 1024w, https:\/\/santacatalina.org.pe\/wp-content\/uploads\/2020\/06\/1s-768x475.jpg 768w, https:\/\/santacatalina.org.pe\/wp-content\/uploads\/2020\/06\/1s-1536x951.jpg 1536w, https:\/\/santacatalina.org.pe\/wp-content\/uploads\/2020\/06\/1s-2048x1268.jpg 2048w, https:\/\/santacatalina.org.pe\/wp-content\/uploads\/2020\/06\/1s-825x510.jpg 825w, https:\/\/santacatalina.org.pe\/wp-content\/uploads\/2020\/06\/1s-133x83.jpg 133w, https:\/\/santacatalina.org.pe\/wp-content\/uploads\/2020\/06\/1s-81x50.jpg 81w\"><div class=\"opacity-medium bg-black\"><\/div><div class=\"container full-screen position-relative\" ><div class=\"slider-typography\"><div class=\"slider-text-middle-main\"><div class=\"slider-text-middle\"><h1 class=\"white-text font-weight-400 margin-five no-margin-bottom\"><span class=\"font-weight-600 letter-spacing-2\">Conoce Santa Catalina<\/span><\/h1><p class=\"resturant-slider-text white-text\">De Lunes a Domingo<\/p>\n<\/div><\/div><\/div><\/div><\/div><\/div>        <script type=\"text\/javascript\">jQuery(document).ready(function () { jQuery(\"#hcode-owl-slider3-1\").owlCarousel({ nav: false,dots: false,autoplay:true, autoplayTimeout: 3000,autoplaySpeed: 700, autoplayHoverPause: false, loop: true, items: 1,dotsSpeed: 400,navText: [\"<i class='fa-solid fa-angle-left'><\/i>\", \"<i class='fa-solid fa-angle-right'><\/i>\"] }); });<\/script>\n    \t<\/div><\/div><\/div><\/div><\/section><section class=\"padding-five\"><div class=\"container\"><div class=\"wpb_column hcode-column-container vc_col-sm-12 col-xs-mobile-fullwidth\" data-front-class=\"col-xs-mobile-fullwidth\"><div class=\"vc-column-innner-wrapper\"><h2 class=\"section-title no-padding margin-one-bottom xs-margin-five-bottom hcode-font-setting-69ed1f9c6d32d\" style=\" color:#85280f; font-size:28px;font-weight:600;line-height:71px;\">HORARIOS Y PRECIOS<\/h2><\/div><\/div><\/div><\/section><section  class=\"no-padding bg-image-srcset parallax-fix parallax3\" style=\"background-image: url(https:\/\/santacatalina.org.pe\/wp-content\/uploads\/2020\/06\/slider-horarios2.jpg);\" data-bg-srcset=\"https:\/\/santacatalina.org.pe\/wp-content\/uploads\/2020\/06\/slider-horarios2.jpg 1920w, https:\/\/santacatalina.org.pe\/wp-content\/uploads\/2020\/06\/slider-horarios2-600x294.jpg 600w, https:\/\/santacatalina.org.pe\/wp-content\/uploads\/2020\/06\/slider-horarios2-300x147.jpg 300w, https:\/\/santacatalina.org.pe\/wp-content\/uploads\/2020\/06\/slider-horarios2-1024x501.jpg 1024w, https:\/\/santacatalina.org.pe\/wp-content\/uploads\/2020\/06\/slider-horarios2-768x376.jpg 768w, https:\/\/santacatalina.org.pe\/wp-content\/uploads\/2020\/06\/slider-horarios2-1536x752.jpg 1536w, https:\/\/santacatalina.org.pe\/wp-content\/uploads\/2020\/06\/slider-horarios2-81x40.jpg 81w\"><div class=\"container\"><div class=\"wpb_column hcode-column-container pull-right padding-six vc_col-sm-7 vc_col-md-7 col-xs-mobile-fullwidth\" data-front-class=\"pull-right padding-six col-xs-mobile-fullwidth\" data-background=#68260a style=\" background:#68260a;\"><div class=\"vc-column-innner-wrapper\"><h1 class=\"white-text sm-small-text hcode-font-setting-69ed1f9c6da4a\"  style=\"color:#ffffff !important\">HORARIO DE ATENCI\u00d3N<\/h1><p class=\"text-large white-text margin-five\"><i class=\"far fa-calendar-alt\" style=\"color: #ffffff; font-size: 30px;\"><\/i> De Lunes a Domingo 09:00 a.m. a 6:00 p.m.<\/p>\n<p class=\"text-large white-text margin-five\"><i class=\"far fa-calendar-alt\" style=\"color: #ffffff; font-size: 30px;\"><\/i> Martes y mi\u00e9rcoles de 9:00 a.m. a 7:00 p.m. ( Boleter\u00eda hasta las 6:00 p.m.) <strong>\u00daltimo ingreso de visitantes 6:00 p.m.<\/strong><\/p>\n<p class=\"white-text margin-five\">Cerrado al p\u00fablico \u25cf Viernes Santo, 25 de diciembre y 1\u00ba de enero<\/p>\n<h1 class=\"margin-ten no-margin-bottom hcode-font-setting-5ed57300788bb\" style=\"font-size: 24px !important; color: #ffffff !important;\">Informaci\u00f3n Importante<\/h1>\n<p class=\" white-text margin-five\">El Monasterio de Santa Catalina ha elaborado un estricto protocolo de bioseguridad, para que puedan disfrutar de una visita segura y placentera. <strong><a href=\"https:\/\/santacatalina.org.pe\/index.php\/mapa-protocolo\/\">VER PROTOCOLO<\/a><\/strong><\/p>\n<p class=\"white-text margin-five\">* La venta de boletos se realizar\u00e1 online y con reserva de horario. Los pagos se pueden efectuar con tarjeta Visa, Mastercard, American Express, Dinners Club, Unionpay y Maestro.<\/p>\n<p class=\"white-text margin-five\">El servicio de guiado es opcional y no est\u00e1 incluido en el costo del boleto.<\/p>\n<\/div><\/div><\/div><\/section><section class=\"padding-five\"><div class=\"container\"><div class=\"wpb_column hcode-column-container vc_col-sm-12 col-xs-mobile-fullwidth\" data-front-class=\"col-xs-mobile-fullwidth\"><div class=\"vc-column-innner-wrapper\"><h2 class=\"section-title no-padding margin-one-bottom xs-margin-five-bottom hcode-font-setting-69ed1f9c6dbc1\" style=\" color:#85280f; font-size:28px;font-weight:600;line-height:71px;\">ENTRADAS<\/h2><\/div><\/div><\/div><\/section><section class=\"no-padding\"><div class=\"container\"><div class=\"wpb_column hcode-column-container text-center padding-two-top xs-padding-lr-15px  vc_col-md-6 col-xs-mobile-fullwidth\" data-front-class=\"text-center padding-two-top xs-padding-lr-15px col-xs-mobile-fullwidth front-column-class\" data-background=#ffffff style=\" background:#ffffff;\"><div class=\"vc-column-innner-wrapper\"><img loading=\"lazy\" decoding=\"async\" width=\"350\" height=\"149\" src=\"https:\/\/santacatalina.org.pe\/wp-content\/uploads\/2026\/02\/eg11.jpg\" class=\"attachment-full size-full\" alt=\"\" srcset=\"https:\/\/santacatalina.org.pe\/wp-content\/uploads\/2026\/02\/eg11.jpg 350w, https:\/\/santacatalina.org.pe\/wp-content\/uploads\/2026\/02\/eg11-300x128.jpg 300w, https:\/\/santacatalina.org.pe\/wp-content\/uploads\/2026\/02\/eg11-81x34.jpg 81w\" sizes=\"(max-width: 350px) 100vw, 350px\" \/><h1 class=\"margin-ten no-margin-bottom\"  style=\" font-size:28px !important; color:#85280f !important;\">ENTRADA ADULTOS EXTRANJEROS<\/h1><p style=\"font-size: 16px; margin-top: 20px;\">Precio Normal: <span style=\"font-size: 35px;\">S\/ 50.00<\/span><\/p>\n<\/div><\/div><div class=\"wpb_column hcode-column-container no-padding  vc_col-md-6 vc_hidden-xs col-xs-mobile-fullwidth\" data-front-class=\"no-padding col-xs-mobile-fullwidth front-column-class\"><div class=\"vc-column-innner-wrapper\"><img loading=\"lazy\" decoding=\"async\" width=\"720\" height=\"480\" src=\"https:\/\/santacatalina.org.pe\/wp-content\/uploads\/2020\/06\/dias-promocionales.jpg\" class=\"\" alt=\"\" srcset=\"https:\/\/santacatalina.org.pe\/wp-content\/uploads\/2020\/06\/dias-promocionales.jpg 720w, https:\/\/santacatalina.org.pe\/wp-content\/uploads\/2020\/06\/dias-promocionales-600x400.jpg 600w, https:\/\/santacatalina.org.pe\/wp-content\/uploads\/2020\/06\/dias-promocionales-300x200.jpg 300w, https:\/\/santacatalina.org.pe\/wp-content\/uploads\/2020\/06\/dias-promocionales-81x54.jpg 81w\" sizes=\"(max-width: 720px) 100vw, 720px\" \/><\/div><\/div><\/div><\/section><section class=\"no-padding\"><div class=\"container\"><div class=\"wpb_column hcode-column-container no-padding  vc_col-md-6 vc_hidden-xs col-xs-mobile-fullwidth\" data-front-class=\"no-padding col-xs-mobile-fullwidth front-column-class\"><div class=\"vc-column-innner-wrapper\"><img loading=\"lazy\" decoding=\"async\" width=\"720\" height=\"480\" src=\"https:\/\/santacatalina.org.pe\/wp-content\/uploads\/2020\/06\/general.jpg\" class=\"\" alt=\"\" srcset=\"https:\/\/santacatalina.org.pe\/wp-content\/uploads\/2020\/06\/general.jpg 720w, https:\/\/santacatalina.org.pe\/wp-content\/uploads\/2020\/06\/general-600x400.jpg 600w, https:\/\/santacatalina.org.pe\/wp-content\/uploads\/2020\/06\/general-300x200.jpg 300w, https:\/\/santacatalina.org.pe\/wp-content\/uploads\/2020\/06\/general-81x54.jpg 81w\" sizes=\"(max-width: 720px) 100vw, 720px\" \/><\/div><\/div><div class=\"wpb_column hcode-column-container text-center padding-two-top xs-padding-lr-15px  vc_col-md-6 col-xs-mobile-fullwidth\" data-front-class=\"text-center padding-two-top xs-padding-lr-15px col-xs-mobile-fullwidth front-column-class\" data-background=#ffffff style=\" background:#ffffff;\"><div class=\"vc-column-innner-wrapper\"><img loading=\"lazy\" decoding=\"async\" width=\"350\" height=\"149\" src=\"https:\/\/santacatalina.org.pe\/wp-content\/uploads\/2026\/02\/eg11.jpg\" class=\"attachment-full size-full\" alt=\"\" srcset=\"https:\/\/santacatalina.org.pe\/wp-content\/uploads\/2026\/02\/eg11.jpg 350w, https:\/\/santacatalina.org.pe\/wp-content\/uploads\/2026\/02\/eg11-300x128.jpg 300w, https:\/\/santacatalina.org.pe\/wp-content\/uploads\/2026\/02\/eg11-81x34.jpg 81w\" sizes=\"(max-width: 350px) 100vw, 350px\" \/><h1 class=\"margin-ten no-margin-bottom\"  style=\" font-size:28px !important; color:#85280f !important;\">ADULTOS PERUANOS<\/h1><p style=\"font-size: 16px; margin-top: 20px;\">Precio regular <span style=\"font-size: 35px;\"> S\/ 50.00<\/span><\/p>\n<\/div><\/div><\/div><\/section><section class=\"no-padding\"><div class=\"container\"><div class=\"wpb_column hcode-column-container text-center padding-two-top xs-padding-lr-15px  vc_col-md-6 col-xs-mobile-fullwidth\" data-front-class=\"text-center padding-two-top xs-padding-lr-15px col-xs-mobile-fullwidth front-column-class\" data-background=#ffffff style=\" background:#ffffff;\"><div class=\"vc-column-innner-wrapper\"><img loading=\"lazy\" decoding=\"async\" width=\"350\" height=\"149\" src=\"https:\/\/santacatalina.org.pe\/wp-content\/uploads\/2026\/02\/dp2022last.jpg\" class=\"attachment-full size-full\" alt=\"\" srcset=\"https:\/\/santacatalina.org.pe\/wp-content\/uploads\/2026\/02\/dp2022last.jpg 350w, https:\/\/santacatalina.org.pe\/wp-content\/uploads\/2026\/02\/dp2022last-300x128.jpg 300w, https:\/\/santacatalina.org.pe\/wp-content\/uploads\/2026\/02\/dp2022last-81x34.jpg 81w\" sizes=\"(max-width: 350px) 100vw, 350px\" \/><h1 class=\"margin-ten no-margin-bottom\"  style=\" font-size:28px !important; color:#85280f !important;\">ESTUDIANTES EXTRANJEROS HASTA LOS 18 A\u00d1OS<\/h1><p style=\"font-size: 16px; margin-top: 20px;\">Precio Unico: <span style=\"font-size: 35px;\">S\/ 30.00<\/span><\/p>\n<\/div><\/div><div class=\"wpb_column hcode-column-container no-padding  vc_col-md-6 vc_hidden-xs col-xs-mobile-fullwidth\" data-front-class=\"no-padding col-xs-mobile-fullwidth front-column-class\"><div class=\"vc-column-innner-wrapper\"><img loading=\"lazy\" decoding=\"async\" width=\"720\" height=\"480\" src=\"https:\/\/santacatalina.org.pe\/wp-content\/uploads\/2020\/06\/dias-promocionales.jpg\" class=\"\" alt=\"\" srcset=\"https:\/\/santacatalina.org.pe\/wp-content\/uploads\/2020\/06\/dias-promocionales.jpg 720w, https:\/\/santacatalina.org.pe\/wp-content\/uploads\/2020\/06\/dias-promocionales-600x400.jpg 600w, https:\/\/santacatalina.org.pe\/wp-content\/uploads\/2020\/06\/dias-promocionales-300x200.jpg 300w, https:\/\/santacatalina.org.pe\/wp-content\/uploads\/2020\/06\/dias-promocionales-81x54.jpg 81w\" sizes=\"(max-width: 720px) 100vw, 720px\" \/><\/div><\/div><\/div><\/section>","protected":false},"excerpt":{"rendered":"<p>Conoce Santa CatalinaDe Lunes a Domingo Conoce Santa CatalinaDe Lunes a Domingo HORARIOS Y PRECIOSHORARIO DE ATENCI\u00d3N De Lunes a Domingo 09:00 a.m. a 6:00 p.m. Martes y mi\u00e9rcoles de 9:00 a.m. a 7:00 p.m. ( Boleter\u00eda hasta las 6:00 p.m.) \u00daltimo ingreso de visitantes 6:00 p.m. Cerrado al p\u00fablico \u25cf Viernes Santo, 25 de [&hellip;]<\/p>\n","protected":false},"author":1,"featured_media":0,"parent":0,"menu_order":0,"comment_status":"closed","ping_status":"closed","template":"","meta":{"footnotes":""},"_links":{"self":[{"href":"https:\/\/santacatalina.org.pe\/fr\/wp-json\/wp\/v2\/pages\/32438"}],"collection":[{"href":"https:\/\/santacatalina.org.pe\/fr\/wp-json\/wp\/v2\/pages"}],"about":[{"href":"https:\/\/santacatalina.org.pe\/fr\/wp-json\/wp\/v2\/types\/page"}],"author":[{"embeddable":true,"href":"https:\/\/santacatalina.org.pe\/fr\/wp-json\/wp\/v2\/users\/1"}],"replies":[{"embeddable":true,"href":"https:\/\/santacatalina.org.pe\/fr\/wp-json\/wp\/v2\/comments?post=32438"}],"version-history":[{"count":14,"href":"https:\/\/santacatalina.org.pe\/fr\/wp-json\/wp\/v2\/pages\/32438\/revisions"}],"predecessor-version":[{"id":108809,"href":"https:\/\/santacatalina.org.pe\/fr\/wp-json\/wp\/v2\/pages\/32438\/revisions\/108809"}],"wp:attachment":[{"href":"https:\/\/santacatalina.org.pe\/fr\/wp-json\/wp\/v2\/media?parent=32438"}],"curies":[{"name":"wp","href":"https:\/\/api.w.org\/{rel}","templated":true}]}}