{"id":32437,"date":"2021-01-25T11:09:59","date_gmt":"2021-01-25T16:09:59","guid":{"rendered":"https:\/\/santacatalina.org.pe\/?page_id=32437"},"modified":"2021-01-25T13:58:47","modified_gmt":"2021-01-25T18:58:47","slug":"sor-ana-de-los-angeles","status":"publish","type":"page","link":"https:\/\/santacatalina.org.pe\/fr\/histoire\/sor-ana-de-los-angeles","title":{"rendered":"Sor Ana de los Angeles"},"content":{"rendered":"<section><div class=\"container\"><div class=\"row\"><div class=\"wpb_column hcode-column-container sm-margin-four-bottom vc_col-sm-12 vc_col-md-6 col-xs-mobile-fullwidth\" data-front-class=\"sm-margin-four-bottom col-xs-mobile-fullwidth\"><div class=\"vc-column-innner-wrapper\">[vc_gallery type=\"nivo\" interval=\"3\" images=\"19015,19016\" img_size=\"full\" css_animation=\"fadeInDown\"]<\/div><\/div><div class=\"wpb_column hcode-column-container vc_col-sm-12 vc_col-md-6 col-xs-mobile-fullwidth\" data-front-class=\"col-xs-mobile-fullwidth\"><div class=\"vc-column-innner-wrapper\"><div class=\"padding-three\"><p class=\"text-med\">Seg\u00fan algunas deducciones y testimonios se presume que naci\u00f3 el 26 de julio de 1604, fecha que no se puede asumir como exacta, ya que su Fe de Bautismo se perdi\u00f3 en un incendio ocurrido en la sacrist\u00eda de la Iglesia Mayor de Arequipa, antecesora de la primera catedral de la ciudad, en 1620. Ana fue la cuarta de ocho hijos que conformaron la familia Sebasti\u00e1n de Monteagudo y Francisca de Le\u00f3n: Francisco, Mariana, Catalina, (Ana), Juana, In\u00e9s, Andrea y Sebasti\u00e1n. Se conoce que Francisco fue sacerdote, Mariana se cas\u00f3 con Gabriel L\u00f3pez de Pastrana, Catalina se cas\u00f3 con Gonzalo Tamayo e In\u00e9s se cas\u00f3 con Bernardino de Meneses. De los otros no se sabe nada, presumiendo que murieron por alguna de las pestes que en esa \u00e9poca azotaban la ciudad. Sor Ana fue entregada a las religiosas catalinas a la edad de 3 a\u00f1os para su educaci\u00f3n e instrucci\u00f3n; que por aquel entonces estaban principalmente vinculadas a la formaci\u00f3n moral y religiosa.<\/p>\n<\/div><\/div><\/div><div class=\"wpb_column hcode-column-container vc_col-sm-12 vc_col-md-12 col-xs-mobile-fullwidth\" data-front-class=\"col-xs-mobile-fullwidth\"><div class=\"vc-column-innner-wrapper\"><div class=\" wide-separator-line no-margin-lr\" style=\" background:#ffffff;\"><\/div><\/div><\/div><div class=\"wpb_column hcode-column-container vc_col-sm-12 vc_col-md-6 col-xs-mobile-fullwidth\" data-front-class=\"col-xs-mobile-fullwidth\"><div class=\"vc-column-innner-wrapper\"><div class=\"padding-three\"><p class=\"text-med\"><strong>MILAGROS Y PREDICCIONES<\/strong><br \/>\nLa estrecha relaci\u00f3n de Sor Ana de los Angeles de Monteagudo con las almas del Purgatorio, fue determinante para sus predicciones, las mismas que generalmente fueron de car\u00e1cter necrol\u00f3gico. En varias oportunidades predijo enfermedades de algunos de sus allegados; para algunos predijo la cura, en el caso de otros, la inevitable muerte. Estos anuncios muchas veces fueron tomados con rechazo, desconfianza e incredulidad por las personas que de una u otra manera eran afectadas. Otros mas fueron los hechos extraordinarios que durante su vida realiz\u00f3 Sor Ana de los Angeles. Las personas que la conocieron personalmente llegaron a se\u00f1alar un total de sesenta y ocho predicciones todas cumplidas, realizadas por la venerable monja.<\/p>\n<\/div><\/div><\/div><div class=\"wpb_column hcode-column-container sm-margin-four-bottom vc_col-sm-12 vc_col-md-6 col-xs-mobile-fullwidth\" data-front-class=\"sm-margin-four-bottom col-xs-mobile-fullwidth\"><div class=\"vc-column-innner-wrapper\">[vc_gallery type=\"nivo\" interval=\"3\" images=\"19017,19018\" img_size=\"full\" css_animation=\"fadeInDown\"]<\/div><\/div><div class=\"wpb_column hcode-column-container vc_col-sm-12 vc_col-md-12 col-xs-mobile-fullwidth\" data-front-class=\"col-xs-mobile-fullwidth\"><div class=\"vc-column-innner-wrapper\"><div class=\" wide-separator-line no-margin-lr\" style=\" background:#ffffff;\"><\/div><\/div><\/div><div class=\"wpb_column hcode-column-container sm-margin-four-bottom vc_col-sm-12 vc_col-md-6 col-xs-mobile-fullwidth\" data-front-class=\"sm-margin-four-bottom col-xs-mobile-fullwidth\"><div class=\"vc-column-innner-wrapper\">[vc_gallery type=\"nivo\" interval=\"3\" images=\"19020,19019\" img_size=\"full\" css_animation=\"fadeInDown\"]<\/div><\/div><div class=\"wpb_column hcode-column-container vc_col-sm-12 vc_col-md-6 col-xs-mobile-fullwidth\" data-front-class=\"col-xs-mobile-fullwidth\"><div class=\"vc-column-innner-wrapper\"><div class=\"padding-three\"><p class=\"text-med\"><strong>ULTIMOS A\u00d1OS<\/strong><br \/>\nLos \u00faltimos a\u00f1os de la venerable monja catalina transcurrieron en la oscuridad de la ceguera. Ten\u00eda mucha dificultad para caminar, sin embargo jam\u00e1s se quej\u00f3 o se sinti\u00f3 desdichada por correr esa suerte. A pesar que no exist\u00eda ning\u00fan remedio eficaz para calmar sus terribles dolores, acept\u00f3 con toda humildad lo que el Se\u00f1or le ten\u00eda preparado, siendo modelo de una entrega superior y de una plena y total confianza en Dios. Antes de ser sepultada Sor Ana, un pintor capt\u00f3 sus facciones en un retrato, que es el \u00fanico y verdadero testimonio gr\u00e1fico que de su rostro ha quedado para la posteridad, ya que en vida evit\u00f3 tan mundana gala. El pintor hab\u00eda concurrido al Monasterio pese a que en esos d\u00edas estaba afectado por fuertes dolores e incluso de una hinchaz\u00f3n generalizada de su cuerpo. Apenas concluy\u00f3 de pintar el retrato de la venerable monja, en un peque\u00f1o lienzo y mientras sal\u00eda por la porter\u00eda, san\u00f3 completamente y de inmediato la enfermedad que lo hab\u00eda afectado en los \u00faltimos d\u00edas, desapareci\u00f3. Sor Ana de los Angeles falleci\u00f3 el 10 de Enero de 1686. Muerta Sor Ana, no fue necesario embalsamar su cuerpo, por el buen olor que desped\u00eda. Fue enterrada en el piso de tierra del Coro del templo del Monasterio.<\/p>\n<\/div><\/div><\/div><\/div><\/div><\/section>","protected":false},"excerpt":{"rendered":"<p>[vc_gallery type=\u00a0\u00bbnivo\u00a0\u00bb interval=\u00a0\u00bb3&Prime; images=\u00a0\u00bb19015,19016&Prime; img_size=\u00a0\u00bbfull\u00a0\u00bb css_animation=\u00a0\u00bbfadeInDown\u00a0\u00bb]Seg\u00fan algunas deducciones y testimonios se presume que naci\u00f3 el 26 de julio de 1604, fecha que no se puede asumir como exacta, ya que su Fe de Bautismo se perdi\u00f3 en un incendio ocurrido en la sacrist\u00eda de la Iglesia Mayor de Arequipa, antecesora de la primera catedral de [&hellip;]<\/p>\n","protected":false},"author":1,"featured_media":0,"parent":32422,"menu_order":0,"comment_status":"closed","ping_status":"closed","template":"","meta":{"footnotes":""},"_links":{"self":[{"href":"https:\/\/santacatalina.org.pe\/fr\/wp-json\/wp\/v2\/pages\/32437"}],"collection":[{"href":"https:\/\/santacatalina.org.pe\/fr\/wp-json\/wp\/v2\/pages"}],"about":[{"href":"https:\/\/santacatalina.org.pe\/fr\/wp-json\/wp\/v2\/types\/page"}],"author":[{"embeddable":true,"href":"https:\/\/santacatalina.org.pe\/fr\/wp-json\/wp\/v2\/users\/1"}],"replies":[{"embeddable":true,"href":"https:\/\/santacatalina.org.pe\/fr\/wp-json\/wp\/v2\/comments?post=32437"}],"version-history":[{"count":1,"href":"https:\/\/santacatalina.org.pe\/fr\/wp-json\/wp\/v2\/pages\/32437\/revisions"}],"predecessor-version":[{"id":32454,"href":"https:\/\/santacatalina.org.pe\/fr\/wp-json\/wp\/v2\/pages\/32437\/revisions\/32454"}],"up":[{"embeddable":true,"href":"https:\/\/santacatalina.org.pe\/fr\/wp-json\/wp\/v2\/pages\/32422"}],"wp:attachment":[{"href":"https:\/\/santacatalina.org.pe\/fr\/wp-json\/wp\/v2\/media?parent=32437"}],"curies":[{"name":"wp","href":"https:\/\/api.w.org\/{rel}","templated":true}]}}