{"id":32436,"date":"2021-01-25T11:07:35","date_gmt":"2021-01-25T16:07:35","guid":{"rendered":"https:\/\/santacatalina.org.pe\/?page_id=32436"},"modified":"2021-01-28T11:39:33","modified_gmt":"2021-01-28T16:39:33","slug":"galerie","status":"publish","type":"page","link":"https:\/\/santacatalina.org.pe\/fr\/histoire\/galerie","title":{"rendered":"Galerie"},"content":{"rendered":"<section><div class=\"container\"><div class=\"row\"><div class=\"wpb_column hcode-column-container sm-margin-four-bottom vc_col-sm-12 vc_col-md-6 col-xs-mobile-fullwidth\" data-front-class=\"sm-margin-four-bottom col-xs-mobile-fullwidth\"><div class=\"vc-column-innner-wrapper\">[vc_gallery type=\"nivo\" interval=\"3\" images=\"19005,19006,19007\" img_size=\"full\" css_animation=\"fadeInDown\"]<\/div><\/div><div class=\"wpb_column hcode-column-container vc_col-sm-12 vc_col-md-6 col-xs-mobile-fullwidth\" data-front-class=\"col-xs-mobile-fullwidth\"><div class=\"vc-column-innner-wrapper\"><div class=\"padding-three\"><p class=\"text-med\">Al iniciarse la labor de restauraci\u00f3n del Monasterio antes de su apertura, se encontr\u00f3 diseminada en toda su extensi\u00f3n una gran colecci\u00f3n de cuadros de predominante motivo religioso, exponentes de la pintura virreinal del Per\u00fa. Aproximadamente 400 piezas fueron restauradas o \"refrescadas\", para que recuperasen su aspecto original. La labor de manos expertas ha devuelto al observador de hoy, una colecci\u00f3n de extraordinario valor art\u00edstico e hist\u00f3rico. Las principales obras son expuestas en un escenario majestuoso: dos inmensas salas de alta b\u00f3veda, dispuestas en cruz, en las cuales se ha retirado el estuque, dejando las paredes en sillar. Al costado otra b\u00f3veda m\u00e1s peque\u00f1a completa la unidad arquitect\u00f3nica dedicada al museo.<\/p>\n<\/div><\/div><\/div><div class=\"wpb_column hcode-column-container vc_col-sm-12 vc_col-md-12 col-xs-mobile-fullwidth\" data-front-class=\"col-xs-mobile-fullwidth\"><div class=\"vc-column-innner-wrapper\"><div class=\" wide-separator-line no-margin-lr\" style=\" background:#ffffff;\"><\/div><\/div><\/div><div class=\"wpb_column hcode-column-container vc_col-sm-12 vc_col-md-6 col-xs-mobile-fullwidth\" data-front-class=\"col-xs-mobile-fullwidth\"><div class=\"vc-column-innner-wrapper\"><p class=\"text-med\">En la Pinacoteca podemos observar una de las muestras m\u00e1s importantes del arte religioso del continente. Adem\u00e1s de una numerosa colecci\u00f3n de obras de la llamada Escuela Cusque\u00f1a de pintura, m\u00e1xima expresi\u00f3n de la fusi\u00f3n de los sentimientos y valores de dos culturas: la incaica y la espa\u00f1ola. Los artistas indios de los siglos XVI - XVIII alcanzaron extraordinaria habilidad art\u00edstica y artesanal en sobresalientes obras de inspiraci\u00f3n religiosa, famosas por la originalidad de estilo, la profundidad de la expresi\u00f3n y el uso de oro en su acabado.<\/p>\n<p class=\"text-med\"><strong>ESTILOS DE PINTURA<\/strong><br \/>\nGuarda este monasterio obras pict\u00f3ricas de los diversos estilos art\u00edsticos que se desarrollaron durante el virreinato y los primeros tiempos de la rep\u00fablica. Hay pinturas del estilo manierista llegado de Italia en los primeros tiempos: lienzos con clara influencia de la escuela espa\u00f1ola, resaltando un San Miguel Arc\u00e1ngel claramente zurbaranezco, y naturalmente obras de la llamada escuela cusque\u00f1a de pintura, que se desarroll\u00f3 en el Per\u00fa durante los siglos XVII y XVIII.<\/p>\n<\/div><\/div><div class=\"wpb_column hcode-column-container sm-margin-four-bottom vc_col-sm-12 vc_col-md-6 col-xs-mobile-fullwidth\" data-front-class=\"sm-margin-four-bottom col-xs-mobile-fullwidth\"><div class=\"vc-column-innner-wrapper\">[vc_gallery type=\"nivo\" interval=\"3\" images=\"19010,19009,19008\" img_size=\"full\" css_animation=\"fadeInDown\"]<\/div><\/div><\/div><\/div><\/section>","protected":false},"excerpt":{"rendered":"<p>[vc_gallery type=\u00a0\u00bbnivo\u00a0\u00bb interval=\u00a0\u00bb3&Prime; images=\u00a0\u00bb19005,19006,19007&Prime; img_size=\u00a0\u00bbfull\u00a0\u00bb css_animation=\u00a0\u00bbfadeInDown\u00a0\u00bb]Al iniciarse la labor de restauraci\u00f3n del Monasterio antes de su apertura, se encontr\u00f3 diseminada en toda su extensi\u00f3n una gran colecci\u00f3n de cuadros de predominante motivo religioso, exponentes de la pintura virreinal del Per\u00fa. Aproximadamente 400 piezas fueron restauradas o \u00ab\u00a0refrescadas\u00a0\u00bb, para que recuperasen su aspecto original. La labor [&hellip;]<\/p>\n","protected":false},"author":1,"featured_media":0,"parent":32422,"menu_order":0,"comment_status":"closed","ping_status":"closed","template":"","meta":{"footnotes":""},"_links":{"self":[{"href":"https:\/\/santacatalina.org.pe\/fr\/wp-json\/wp\/v2\/pages\/32436"}],"collection":[{"href":"https:\/\/santacatalina.org.pe\/fr\/wp-json\/wp\/v2\/pages"}],"about":[{"href":"https:\/\/santacatalina.org.pe\/fr\/wp-json\/wp\/v2\/types\/page"}],"author":[{"embeddable":true,"href":"https:\/\/santacatalina.org.pe\/fr\/wp-json\/wp\/v2\/users\/1"}],"replies":[{"embeddable":true,"href":"https:\/\/santacatalina.org.pe\/fr\/wp-json\/wp\/v2\/comments?post=32436"}],"version-history":[{"count":1,"href":"https:\/\/santacatalina.org.pe\/fr\/wp-json\/wp\/v2\/pages\/32436\/revisions"}],"predecessor-version":[{"id":32447,"href":"https:\/\/santacatalina.org.pe\/fr\/wp-json\/wp\/v2\/pages\/32436\/revisions\/32447"}],"up":[{"embeddable":true,"href":"https:\/\/santacatalina.org.pe\/fr\/wp-json\/wp\/v2\/pages\/32422"}],"wp:attachment":[{"href":"https:\/\/santacatalina.org.pe\/fr\/wp-json\/wp\/v2\/media?parent=32436"}],"curies":[{"name":"wp","href":"https:\/\/api.w.org\/{rel}","templated":true}]}}