{"id":32435,"date":"2021-01-25T11:03:51","date_gmt":"2021-01-25T16:03:51","guid":{"rendered":"https:\/\/santacatalina.org.pe\/?page_id=32435"},"modified":"2021-01-28T11:18:13","modified_gmt":"2021-01-28T16:18:13","slug":"fondation","status":"publish","type":"page","link":"https:\/\/santacatalina.org.pe\/fr\/histoire\/fondation","title":{"rendered":"Fondation"},"content":{"rendered":"<section><div class=\"container\"><div class=\"row\"><div class=\"wpb_column hcode-column-container sm-margin-four-bottom vc_col-sm-6 vc_col-md-6 col-xs-mobile-fullwidth\" data-front-class=\"sm-margin-four-bottom col-xs-mobile-fullwidth\"><div class=\"vc-column-innner-wrapper\">[vc_gallery type=\"nivo\" interval=\"3\" images=\"18987,18988,18989\" img_size=\"full\" css_animation=\"zoomInDown\"]<\/div><\/div><div class=\"wpb_column hcode-column-container vc_col-sm-6 vc_col-md-6 col-xs-mobile-fullwidth\" data-front-class=\"col-xs-mobile-fullwidth\"><div class=\"vc-column-innner-wrapper\"><div class=\"padding-six\"><p class=\"text-med\">El Virrey Francisco Toledo, durante su visita a Arequipa fue informado por el cabildo sobre su deseo de fundar un monasterio de monjas. Ello lo motiv\u00f3 a otorgar las licencias necesarias para la fundaci\u00f3n del \"Monasterio de Monjas Privado de la Orden de Santa Catalina de Siena\". A\u00f1os m\u00e1s tarde, Do\u00f1a Mar\u00eda de Guzm\u00e1n, viuda de Diego Hern\u00e1ndez de Mendoza, mujer hermosa, rica y joven que no tuvo hijos, decide recluirse en el monasterio en construcci\u00f3n, cediendo para ello todos sus bienes. El 10 de setiembre de 1579 se hace la memoria y capitulaci\u00f3n de la fundaci\u00f3n del monasterio firmada entre el Cabildo, Justicia y Regimiento de la Ciudad y Obispado del Cusco, luego de firmar el documento se entrega cuatro solares, propiedad de la ciudad, para el funcionamiento del monasterio y se nombra a Do\u00f1a Mar\u00eda de Guzm\u00e1n \"primera pobladora y priora de dicho Monasterio\".<\/p>\n<\/div><\/div><\/div><div class=\"wpb_column hcode-column-container vc_col-sm-12 vc_col-md-12 col-xs-mobile-fullwidth\" data-front-class=\"col-xs-mobile-fullwidth\"><div class=\"vc-column-innner-wrapper\"><div class=\" wide-separator-line no-margin-lr\" style=\" background:#ffffff;\"><\/div><\/div><\/div><div class=\"wpb_column hcode-column-container vc_col-sm-6 vc_col-md-6 col-xs-mobile-fullwidth\" data-front-class=\"col-xs-mobile-fullwidth\"><div class=\"vc-column-innner-wrapper\"><div class=\"padding-six\"><p class=\"text-med\">El domingo 2 de octubre de 1580, se celebra una misa mayor en la ciudad y Do\u00f1a Mar\u00eda, reconocida como fundadora, toma formalmente los h\u00e1bitos. Las mujeres que ingresaron como monjas al monasterio fueron criollas, mestizas y hasta hijas de curacas. Reci\u00e9n en 1964 ingresaron las primeras monjas espa\u00f1olas. La historia tambi\u00e9n cuenta del ingreso de \"monjas pobres\" y damas de la ciudad, que sin abrazar la vida religiosa, ingresaban al monasterio para ejercitar sus virtudes. En 1582, Arequipa soport\u00f3 un fuerte terremoto, sufriendo la construcci\u00f3n del monasterio graves da\u00f1os. A pesar de ello se conserv\u00f3 la clausura. A partir de entonces, se inicia un per\u00edodo de sufrimiento, en el cual las propias religiosas repararon sus habitaciones. La capilla, por falta de dinero, no se pudo refaccionar \" por lo cual el Sant\u00edsimo Sacramento se expon\u00eda en una choza de paja\".<\/p>\n<\/div><\/div><\/div><div class=\"wpb_column hcode-column-container sm-margin-four-bottom vc_col-sm-6 vc_col-md-6 col-xs-mobile-fullwidth\" data-front-class=\"sm-margin-four-bottom col-xs-mobile-fullwidth\"><div class=\"vc-column-innner-wrapper\">[vc_gallery type=\"nivo\" interval=\"3\" images=\"18992,18991,18990\" img_size=\"full\" css_animation=\"zoomInDown\"]<\/div><\/div><\/div><\/div><\/section>","protected":false},"excerpt":{"rendered":"<p>[vc_gallery type=\u00a0\u00bbnivo\u00a0\u00bb interval=\u00a0\u00bb3&Prime; images=\u00a0\u00bb18987,18988,18989&Prime; img_size=\u00a0\u00bbfull\u00a0\u00bb css_animation=\u00a0\u00bbzoomInDown\u00a0\u00bb]El Virrey Francisco Toledo, durante su visita a Arequipa fue informado por el cabildo sobre su deseo de fundar un monasterio de monjas. Ello lo motiv\u00f3 a otorgar las licencias necesarias para la fundaci\u00f3n del \u00ab\u00a0Monasterio de Monjas Privado de la Orden de Santa Catalina de Siena\u00a0\u00bb. A\u00f1os m\u00e1s tarde, [&hellip;]<\/p>\n","protected":false},"author":1,"featured_media":0,"parent":32422,"menu_order":0,"comment_status":"closed","ping_status":"closed","template":"","meta":{"footnotes":""},"_links":{"self":[{"href":"https:\/\/santacatalina.org.pe\/fr\/wp-json\/wp\/v2\/pages\/32435"}],"collection":[{"href":"https:\/\/santacatalina.org.pe\/fr\/wp-json\/wp\/v2\/pages"}],"about":[{"href":"https:\/\/santacatalina.org.pe\/fr\/wp-json\/wp\/v2\/types\/page"}],"author":[{"embeddable":true,"href":"https:\/\/santacatalina.org.pe\/fr\/wp-json\/wp\/v2\/users\/1"}],"replies":[{"embeddable":true,"href":"https:\/\/santacatalina.org.pe\/fr\/wp-json\/wp\/v2\/comments?post=32435"}],"version-history":[{"count":1,"href":"https:\/\/santacatalina.org.pe\/fr\/wp-json\/wp\/v2\/pages\/32435\/revisions"}],"predecessor-version":[{"id":32440,"href":"https:\/\/santacatalina.org.pe\/fr\/wp-json\/wp\/v2\/pages\/32435\/revisions\/32440"}],"up":[{"embeddable":true,"href":"https:\/\/santacatalina.org.pe\/fr\/wp-json\/wp\/v2\/pages\/32422"}],"wp:attachment":[{"href":"https:\/\/santacatalina.org.pe\/fr\/wp-json\/wp\/v2\/media?parent=32435"}],"curies":[{"name":"wp","href":"https:\/\/api.w.org\/{rel}","templated":true}]}}