{"id":32422,"date":"2021-01-25T10:49:16","date_gmt":"2021-01-25T15:49:16","guid":{"rendered":"https:\/\/santacatalina.org.pe\/?page_id=32422"},"modified":"2021-01-25T13:56:40","modified_gmt":"2021-01-25T18:56:40","slug":"histoire","status":"publish","type":"page","link":"https:\/\/santacatalina.org.pe\/fr\/histoire","title":{"rendered":"Histoire"},"content":{"rendered":"<section><div class=\"container\"><div class=\"row\"><div class=\"wpb_column hcode-column-container sm-margin-four-bottom vc_col-sm-12 vc_col-md-6 col-xs-mobile-fullwidth\" data-front-class=\"sm-margin-four-bottom col-xs-mobile-fullwidth\"><div class=\"vc-column-innner-wrapper\"><img loading=\"lazy\" decoding=\"async\" width=\"562\" height=\"351\" src=\"https:\/\/santacatalina.org.pe\/wp-content\/uploads\/2020\/06\/2-1.jpg\" class=\"\" alt=\"\" srcset=\"https:\/\/santacatalina.org.pe\/wp-content\/uploads\/2020\/06\/2-1.jpg 562w, https:\/\/santacatalina.org.pe\/wp-content\/uploads\/2020\/06\/2-1-300x187.jpg 300w, https:\/\/santacatalina.org.pe\/wp-content\/uploads\/2020\/06\/2-1-133x83.jpg 133w, https:\/\/santacatalina.org.pe\/wp-content\/uploads\/2020\/06\/2-1-374x234.jpg 374w, https:\/\/santacatalina.org.pe\/wp-content\/uploads\/2020\/06\/2-1-81x51.jpg 81w\" sizes=\"(max-width: 562px) 100vw, 562px\" \/><\/div><\/div><div class=\"wpb_column hcode-column-container vc_col-sm-12 vc_col-md-6 col-xs-mobile-fullwidth\" data-front-class=\"col-xs-mobile-fullwidth\"><div class=\"vc-column-innner-wrapper\"><p class=\"title-large text-uppercase letter-spacing-1 font-weight-600 black-text hcode-font-setting-5ed12d1bf22a2\" style=\"line-height: 71px; color: #85280f !important;\">Fundaci\u00f3n<\/p>\n<p class=\"text-med\">El Virrey Francisco Toledo, durante su visita a Arequipa fue informado por el cabildo sobre su deseo de fundar un monasterio de monjas. Ello lo motiv\u00f3 a otorgar las licencias necesarias para la fundaci\u00f3n del \"Monasterio de Monjas Privado de la Orden de Santa Catalina de Siena\". A\u00f1os m\u00e1s tarde, Do\u00f1a Mar\u00eda de Guzm\u00e1n, viuda de Diego Hern\u00e1ndez de Mendoza, mujer hermosa, rica y joven que no tuvo hijos, decide recluirse en el monasterio en construcci\u00f3n, cediendo para ello todos sus bienes.<\/p>\n<p><a class=\"inner-link button btn hcode-button-1 btn-small-black-border-light btn-medium\" href=\"https:\/\/santacatalina.org.pe\/index.php\/historia\/fundacion\/\" target=\"_self\" rel=\"noopener noreferrer\">M\u00e1s Informac\u00edon<\/a><\/p>\n<\/div><\/div><div class=\"wpb_column hcode-column-container vc_col-sm-12 vc_col-md-12 col-xs-mobile-fullwidth\" data-front-class=\"col-xs-mobile-fullwidth\"><div class=\"vc-column-innner-wrapper\"><div class=\" wide-separator-line no-margin-lr\" style=\" background:#ffffff;\"><\/div><\/div><\/div><div class=\"wpb_column hcode-column-container vc_col-sm-12 vc_col-md-6 col-xs-mobile-fullwidth\" data-front-class=\"col-xs-mobile-fullwidth\"><div class=\"vc-column-innner-wrapper\"><p class=\"title-large text-uppercase letter-spacing-1 font-weight-600 black-text hcode-font-setting-5ed12d1bf22a2\" style=\"line-height: 71px; color: #85280f !important;\">Arquitectura<\/p>\n<p class=\"text-med\">Santa Catalina, se ubic\u00f3 en Arequipa, ciudad fundada en 1540 en un paraje especialmente elegido por su belleza natural, su clima acogedor y que dispon\u00eda de un material de construcci\u00f3n \u00fanico: el sillar, piedra porosa de lava volc\u00e1nica que ha permitido levantar una hermosa ciudad, donde ha sido posible edificar formas arquitect\u00f3nicas propias, con espacios y proporciones de gran valor est\u00e9tico y esculpir fachadas imponentes y finos detalles decorativos, que han hecho de Arequipa un centro colonial de marcada identidad dentro de los principales centros urbanos del continente.<\/p>\n<p><a class=\"inner-link button btn hcode-button-1 btn-small-black-border-light btn-medium\" href=\"https:\/\/santacatalina.org.pe\/index.php\/arquitectura\/\" target=\"_self\" rel=\"noopener noreferrer\">M\u00e1s Informac\u00edon<\/a><\/p>\n<\/div><\/div><div class=\"wpb_column hcode-column-container sm-margin-four-bottom vc_col-sm-12 vc_col-md-6 col-xs-mobile-fullwidth\" data-front-class=\"sm-margin-four-bottom col-xs-mobile-fullwidth\"><div class=\"vc-column-innner-wrapper\"><img loading=\"lazy\" decoding=\"async\" width=\"562\" height=\"351\" src=\"https:\/\/santacatalina.org.pe\/wp-content\/uploads\/2020\/06\/1-1.jpg\" class=\"\" alt=\"\" srcset=\"https:\/\/santacatalina.org.pe\/wp-content\/uploads\/2020\/06\/1-1.jpg 562w, https:\/\/santacatalina.org.pe\/wp-content\/uploads\/2020\/06\/1-1-300x187.jpg 300w, https:\/\/santacatalina.org.pe\/wp-content\/uploads\/2020\/06\/1-1-133x83.jpg 133w, https:\/\/santacatalina.org.pe\/wp-content\/uploads\/2020\/06\/1-1-374x234.jpg 374w, https:\/\/santacatalina.org.pe\/wp-content\/uploads\/2020\/06\/1-1-81x51.jpg 81w\" sizes=\"(max-width: 562px) 100vw, 562px\" \/><\/div><\/div><div class=\"wpb_column hcode-column-container vc_col-sm-12 vc_col-md-12 col-xs-mobile-fullwidth\" data-front-class=\"col-xs-mobile-fullwidth\"><div class=\"vc-column-innner-wrapper\"><div class=\" wide-separator-line no-margin-lr\" style=\" background:#ffffff;\"><\/div><\/div><\/div><div class=\"wpb_column hcode-column-container sm-margin-four-bottom vc_col-sm-12 vc_col-md-6 col-xs-mobile-fullwidth\" data-front-class=\"sm-margin-four-bottom col-xs-mobile-fullwidth\"><div class=\"vc-column-innner-wrapper\"><img loading=\"lazy\" decoding=\"async\" width=\"562\" height=\"351\" src=\"https:\/\/santacatalina.org.pe\/wp-content\/uploads\/2020\/06\/3-1.jpg\" class=\"\" alt=\"\" srcset=\"https:\/\/santacatalina.org.pe\/wp-content\/uploads\/2020\/06\/3-1.jpg 562w, https:\/\/santacatalina.org.pe\/wp-content\/uploads\/2020\/06\/3-1-300x187.jpg 300w, https:\/\/santacatalina.org.pe\/wp-content\/uploads\/2020\/06\/3-1-133x83.jpg 133w, https:\/\/santacatalina.org.pe\/wp-content\/uploads\/2020\/06\/3-1-374x234.jpg 374w, https:\/\/santacatalina.org.pe\/wp-content\/uploads\/2020\/06\/3-1-81x51.jpg 81w\" sizes=\"(max-width: 562px) 100vw, 562px\" \/><\/div><\/div><div class=\"wpb_column hcode-column-container vc_col-sm-12 vc_col-md-6 col-xs-mobile-fullwidth\" data-front-class=\"col-xs-mobile-fullwidth\"><div class=\"vc-column-innner-wrapper\"><p class=\"title-large text-uppercase letter-spacing-1 font-weight-600 black-text hcode-font-setting-5ed12d1bf22a2\" style=\"line-height: 71px; color: #85280f !important;\">Pinacoteca<\/p>\n<p class=\"text-med\">Al iniciarse la labor de restauraci\u00f3n del Monasterio antes de su apertura, se encontr\u00f3 diseminada en toda su extensi\u00f3n una gran colecci\u00f3n de cuadros de predominante motivo religioso, exponentes de la pintura virreinal del Per\u00fa. Aproximadamente 400 piezas fueron restauradas o \"refrescadas\", para que recuperasen su aspecto original. La labor de manos expertas ha devuelto al observador de hoy, una colecci\u00f3n de extraordinario valor art\u00edstico e hist\u00f3rico.<\/p>\n<p><a class=\"inner-link button btn hcode-button-1 btn-small-black-border-light btn-medium\" href=\"https:\/\/santacatalina.org.pe\/index.php\/historia\/pinacoteca\/\" target=\"_self\" rel=\"noopener noreferrer\">M\u00e1s Informac\u00edon<\/a><\/p>\n<\/div><\/div><div class=\"wpb_column hcode-column-container vc_col-sm-12 vc_col-md-12 col-xs-mobile-fullwidth\" data-front-class=\"col-xs-mobile-fullwidth\"><div class=\"vc-column-innner-wrapper\"><div class=\" wide-separator-line no-margin-lr\" style=\" background:#ffffff;\"><\/div><\/div><\/div><div class=\"wpb_column hcode-column-container vc_col-sm-12 vc_col-md-6 col-xs-mobile-fullwidth\" data-front-class=\"col-xs-mobile-fullwidth\"><div class=\"vc-column-innner-wrapper\"><p class=\"title-large text-uppercase letter-spacing-1 font-weight-600 black-text hcode-font-setting-5ed12d1bf22a2\" style=\"line-height: 71px; color: #85280f !important;\">Sor Ana de los \u00c1ngeles<\/p>\n<p class=\"text-med\">Seg\u00fan algunas deducciones y testimonios se presume que naci\u00f3 el 26 de julio de 1604, fecha que no se puede asumir como exacta, ya que su Fe de Bautismo se perdi\u00f3 en un incendio ocurrido en la sacrist\u00eda de la Iglesia Mayor de Arequipa, antecesora de la primera catedral de la ciudad, en 1620. Ana fue la cuarta de ocho hijos que conformaron la familia Sebasti\u00e1n de Monteagudo y Francisca de Le\u00f3n: Francisco, Mariana, Catalina, (Ana), Juana, In\u00e9s, Andrea y Sebasti\u00e1n.<\/p>\n<p><a class=\"inner-link button btn hcode-button-1 btn-small-black-border-light btn-medium\" href=\"https:\/\/santacatalina.org.pe\/index.php\/historia\/sor-ana-de-los-angeles\/\" target=\"_self\" rel=\"noopener noreferrer\">M\u00e1s Informac\u00edon<\/a><\/p>\n<\/div><\/div><div class=\"wpb_column hcode-column-container sm-margin-four-bottom vc_col-sm-12 vc_col-md-6 col-xs-mobile-fullwidth\" data-front-class=\"sm-margin-four-bottom col-xs-mobile-fullwidth\"><div class=\"vc-column-innner-wrapper\"><img loading=\"lazy\" decoding=\"async\" width=\"562\" height=\"351\" src=\"https:\/\/santacatalina.org.pe\/wp-content\/uploads\/2020\/06\/4-1.jpg\" class=\"\" alt=\"\" srcset=\"https:\/\/santacatalina.org.pe\/wp-content\/uploads\/2020\/06\/4-1.jpg 562w, https:\/\/santacatalina.org.pe\/wp-content\/uploads\/2020\/06\/4-1-300x187.jpg 300w, https:\/\/santacatalina.org.pe\/wp-content\/uploads\/2020\/06\/4-1-133x83.jpg 133w, https:\/\/santacatalina.org.pe\/wp-content\/uploads\/2020\/06\/4-1-374x234.jpg 374w, https:\/\/santacatalina.org.pe\/wp-content\/uploads\/2020\/06\/4-1-81x51.jpg 81w\" sizes=\"(max-width: 562px) 100vw, 562px\" \/><\/div><\/div><\/div><\/div><\/section>","protected":false},"excerpt":{"rendered":"<p>Fundaci\u00f3n El Virrey Francisco Toledo, durante su visita a Arequipa fue informado por el cabildo sobre su deseo de fundar un monasterio de monjas. Ello lo motiv\u00f3 a otorgar las licencias necesarias para la fundaci\u00f3n del \u00ab\u00a0Monasterio de Monjas Privado de la Orden de Santa Catalina de Siena\u00a0\u00bb. A\u00f1os m\u00e1s tarde, Do\u00f1a Mar\u00eda de Guzm\u00e1n, [&hellip;]<\/p>\n","protected":false},"author":1,"featured_media":0,"parent":0,"menu_order":0,"comment_status":"closed","ping_status":"closed","template":"","meta":{"footnotes":""},"_links":{"self":[{"href":"https:\/\/santacatalina.org.pe\/fr\/wp-json\/wp\/v2\/pages\/32422"}],"collection":[{"href":"https:\/\/santacatalina.org.pe\/fr\/wp-json\/wp\/v2\/pages"}],"about":[{"href":"https:\/\/santacatalina.org.pe\/fr\/wp-json\/wp\/v2\/types\/page"}],"author":[{"embeddable":true,"href":"https:\/\/santacatalina.org.pe\/fr\/wp-json\/wp\/v2\/users\/1"}],"replies":[{"embeddable":true,"href":"https:\/\/santacatalina.org.pe\/fr\/wp-json\/wp\/v2\/comments?post=32422"}],"version-history":[{"count":1,"href":"https:\/\/santacatalina.org.pe\/fr\/wp-json\/wp\/v2\/pages\/32422\/revisions"}],"predecessor-version":[{"id":32429,"href":"https:\/\/santacatalina.org.pe\/fr\/wp-json\/wp\/v2\/pages\/32422\/revisions\/32429"}],"wp:attachment":[{"href":"https:\/\/santacatalina.org.pe\/fr\/wp-json\/wp\/v2\/media?parent=32422"}],"curies":[{"name":"wp","href":"https:\/\/api.w.org\/{rel}","templated":true}]}}