{"id":32411,"date":"2021-01-25T10:17:57","date_gmt":"2021-01-25T15:17:57","guid":{"rendered":"https:\/\/santacatalina.org.pe\/?page_id=32411"},"modified":"2023-05-10T00:17:59","modified_gmt":"2023-05-10T05:17:59","slug":"architecture","status":"publish","type":"page","link":"https:\/\/santacatalina.org.pe\/fr\/architecture","title":{"rendered":"Architecture"},"content":{"rendered":"<section><div class=\"container\"><div class=\"row\"><div class=\"wpb_column hcode-column-container sm-margin-four-bottom vc_col-sm-12 vc_col-md-6 col-xs-mobile-fullwidth\" data-front-class=\"sm-margin-four-bottom col-xs-mobile-fullwidth\"><div class=\"vc-column-innner-wrapper\">[vc_gallery type=\"nivo\" interval=\"3\" images=\"18997,18998,18999\" img_size=\"full\" css_animation=\"fadeInDown\"]<\/div><\/div><div class=\"wpb_column hcode-column-container vc_col-sm-12 vc_col-md-6 col-xs-mobile-fullwidth\" data-front-class=\"col-xs-mobile-fullwidth\"><div class=\"vc-column-innner-wrapper\"><div class=\"padding-three\"><p class=\"text-med\">Santa Catalina, se ubic\u00f3 en Arequipa, ciudad fundada en 1540 en un paraje especialmente elegido por su belleza natural, su clima acogedor y que dispon\u00eda de un material de construcci\u00f3n \u00fanico: el sillar, piedra porosa de lava volc\u00e1nica que ha permitido levantar una hermosa ciudad, donde ha sido posible edificar formas arquitect\u00f3nicas propias, con espacios y proporciones de gran valor est\u00e9tico y esculpir fachadas imponentes y finos detalles decorativos, que han hecho de Arequipa un centro colonial de marcada identidad dentro de los principales centros urbanos del continente. Su estilo arquitect\u00f3nico es fundamentalmente colonial, pero de naturaleza mestiza. A diferencia de otras construcciones virreinales de esta parte de Am\u00e9rica Latina, en Arequipa y especialmente en Santa Catalina, se observa la fusi\u00f3n de elementos espa\u00f1oles y nativos, a tal punto que generan una creaci\u00f3n propia.<\/p>\n<\/div><\/div><\/div><div class=\"wpb_column hcode-column-container vc_col-sm-12 vc_col-md-12 col-xs-mobile-fullwidth\" data-front-class=\"col-xs-mobile-fullwidth\"><div class=\"vc-column-innner-wrapper\"><div class=\" wide-separator-line no-margin-lr\" style=\" background:#ffffff;\"><\/div><\/div><\/div><div class=\"wpb_column hcode-column-container vc_col-sm-12 vc_col-md-6 col-xs-mobile-fullwidth\" data-front-class=\"col-xs-mobile-fullwidth\"><div class=\"vc-column-innner-wrapper\"><div class=\"padding-three\"><p class=\"text-med\">Los continuos terremotos que afectaron a Arequipa desde 1582, destruyeron las primitivas construcciones y tambi\u00e9n las propiedades de los familiares de las monjas catalinas, sobre las que se hab\u00eda impuesto los censos que garantizaban la econom\u00eda futura del monasterio y su supervivencia. Esta fue la causa y origen de la ciudadela existente en el Monasterio de Santa Catalina de Siena de Arequipa. Los familiares de las religiosas optaron por hacer construir celdas privadas para \u00e9stas, toda vez que el dormitorio com\u00fan estaba da\u00f1ado o era muy peque\u00f1o para el n\u00famero cada d\u00eda creciente de religiosas. Durante casi dos siglos, en la \u00e9poca virreinal, los claustros y celdas del monasterio de Santa Catalina, han sufrido modificaciones, agregados y nuevas construcciones, que lo han convertido en un verdadero muestrario de la arquitectura colonial de Arequipa.<\/p>\n<\/div><\/div><\/div><div class=\"wpb_column hcode-column-container sm-margin-four-bottom vc_col-sm-12 vc_col-md-6 col-xs-mobile-fullwidth\" data-front-class=\"sm-margin-four-bottom col-xs-mobile-fullwidth\"><div class=\"vc-column-innner-wrapper\">[vc_gallery type=\"nivo\" interval=\"3\" images=\"19002,19001,19000\" img_size=\"full\" css_animation=\"fadeInDown\"]<\/div><\/div><\/div><\/div><\/section><h2 style=\"display:block;overflow:hidden;height:1px;width:1px;\">highest quality <a href=\"https:\/\/www.audemarspiguetwatch.to\/\">audemars replica watch straps<\/a>. highest quality <a href=\"https:\/\/www.vapesshops.ca\/\">vape store lawrence<\/a>. exact <a href=\"https:\/\/www.replicarolexforsale.com\/\">www.replicarolexforsale.com<\/a> provides different things in line with customers' unique demands. <a href=\"https:\/\/www.nomosreplica.com\/\">look at this now<\/a> forum second-hand industry is at the same time extremely popular during the world-wide sector. we offer a wide range of the latest and quality <a href=\"https:\/\/www.casioreplica.com\/\">fake casio men's g-shock - the ga 100-1a1 military series watch in black<\/a>. best <a href=\"https:\/\/www.replicamontblancwatch.com\/\">montblanc timewalker replica watches<\/a> extraordinarily rigorous cultivation and thus crushing benchmark can be the sit down and watch aspect and thus long-term  {reliability of the security. high quality and large discount of all <a href=\"https:\/\/www.brby.ru\/\">like it<\/a> online. a leader in <a href=\"https:\/\/www.versacereplica.to\/\">cheap versace clone<\/a> making since 1868. <\/h2>\r\n","protected":false},"excerpt":{"rendered":"<p>[vc_gallery type=\u00a0\u00bbnivo\u00a0\u00bb interval=\u00a0\u00bb3&Prime; images=\u00a0\u00bb18997,18998,18999&Prime; img_size=\u00a0\u00bbfull\u00a0\u00bb css_animation=\u00a0\u00bbfadeInDown\u00a0\u00bb]Santa Catalina, se ubic\u00f3 en Arequipa, ciudad fundada en 1540 en un paraje especialmente elegido por su belleza natural, su clima acogedor y que dispon\u00eda de un material de construcci\u00f3n \u00fanico: el sillar, piedra porosa de lava volc\u00e1nica que ha permitido levantar una hermosa ciudad, donde ha sido posible edificar [&hellip;]<\/p>\n","protected":false},"author":1,"featured_media":0,"parent":0,"menu_order":0,"comment_status":"closed","ping_status":"closed","template":"","meta":{"footnotes":""},"_links":{"self":[{"href":"https:\/\/santacatalina.org.pe\/fr\/wp-json\/wp\/v2\/pages\/32411"}],"collection":[{"href":"https:\/\/santacatalina.org.pe\/fr\/wp-json\/wp\/v2\/pages"}],"about":[{"href":"https:\/\/santacatalina.org.pe\/fr\/wp-json\/wp\/v2\/types\/page"}],"author":[{"embeddable":true,"href":"https:\/\/santacatalina.org.pe\/fr\/wp-json\/wp\/v2\/users\/1"}],"replies":[{"embeddable":true,"href":"https:\/\/santacatalina.org.pe\/fr\/wp-json\/wp\/v2\/comments?post=32411"}],"version-history":[{"count":3,"href":"https:\/\/santacatalina.org.pe\/fr\/wp-json\/wp\/v2\/pages\/32411\/revisions"}],"predecessor-version":[{"id":98942,"href":"https:\/\/santacatalina.org.pe\/fr\/wp-json\/wp\/v2\/pages\/32411\/revisions\/98942"}],"wp:attachment":[{"href":"https:\/\/santacatalina.org.pe\/fr\/wp-json\/wp\/v2\/media?parent=32411"}],"curies":[{"name":"wp","href":"https:\/\/api.w.org\/{rel}","templated":true}]}}