{"id":19151,"date":"2020-06-14T14:21:01","date_gmt":"2020-06-14T14:21:01","guid":{"rendered":"https:\/\/santacatalina.org.pe\/?page_id=19151"},"modified":"2020-06-14T14:21:01","modified_gmt":"2020-06-14T14:21:01","slug":"historia-duplicate-1","status":"publish","type":"page","link":"https:\/\/santacatalina.org.pe\/en\/historia-duplicate-1","title":{"rendered":"HISTORY"},"content":{"rendered":"<section><div class=\"container\"><div class=\"row\"><div class=\"wpb_column hcode-column-container sm-margin-four-bottom vc_col-sm-12 vc_col-md-6 col-xs-mobile-fullwidth\" data-front-class=\"sm-margin-four-bottom col-xs-mobile-fullwidth\"><div class=\"vc-column-innner-wrapper\"><img loading=\"lazy\" decoding=\"async\" width=\"562\" height=\"351\" src=\"https:\/\/santacatalina.org.pe\/wp-content\/uploads\/2020\/06\/2-1.jpg\" class=\"\" alt=\"\" srcset=\"https:\/\/santacatalina.org.pe\/wp-content\/uploads\/2020\/06\/2-1.jpg 562w, https:\/\/santacatalina.org.pe\/wp-content\/uploads\/2020\/06\/2-1-300x187.jpg 300w, https:\/\/santacatalina.org.pe\/wp-content\/uploads\/2020\/06\/2-1-133x83.jpg 133w, https:\/\/santacatalina.org.pe\/wp-content\/uploads\/2020\/06\/2-1-374x234.jpg 374w, https:\/\/santacatalina.org.pe\/wp-content\/uploads\/2020\/06\/2-1-81x51.jpg 81w\" sizes=\"(max-width: 562px) 100vw, 562px\" \/><\/div><\/div><div class=\"wpb_column hcode-column-container vc_col-sm-12 vc_col-md-6 col-xs-mobile-fullwidth\" data-front-class=\"col-xs-mobile-fullwidth\"><div class=\"vc-column-innner-wrapper\"><p class=\"title-large text-uppercase letter-spacing-1 font-weight-600 black-text hcode-font-setting-5ed12d1bf22a2\" style=\"line-height: 71px; color: #85280f !important;\">Foundation<\/p>\n<p class=\"text-med\">The Viceroy Francisco Toledo, during his visit to Arequipa, was informed by the council of canons of their wish to found a convent. In response, the viceroy granted them the necessary licenses for the founding of the \"Monasterio de Monjas Privado de la Orden de Santa Catalina de Siena,\" or \u201cPrivate Convent of the Sisters of the Order of Saint Catherine of Siena.\u201d Years later, Do\u00f1a Mar\u00eda de Guzm\u00e1n, the widow of Diego Hern\u00e1ndez de Mendoza\u2014a beautiful, rich, young woman who never had children\u2014decided to shut herself away in the convent, which was still under construction, and give away all her earthly belongings.<\/p>\n<p><a class=\"inner-link button btn hcode-button-1 btn-small-black-border-light btn-medium\" href=\"#\" target=\"_self\" rel=\"noopener noreferrer\">More Information<\/a><\/p>\n<\/div><\/div><div class=\"wpb_column hcode-column-container vc_col-sm-12 vc_col-md-12 col-xs-mobile-fullwidth\" data-front-class=\"col-xs-mobile-fullwidth\"><div class=\"vc-column-innner-wrapper\"><div class=\" wide-separator-line no-margin-lr\" style=\" background:#ffffff;\"><\/div><\/div><\/div><div class=\"wpb_column hcode-column-container vc_col-sm-12 vc_col-md-6 col-xs-mobile-fullwidth\" data-front-class=\"col-xs-mobile-fullwidth\"><div class=\"vc-column-innner-wrapper\"><p class=\"title-large text-uppercase letter-spacing-1 font-weight-600 black-text hcode-font-setting-5ed12d1bf22a2\" style=\"line-height: 71px; color: #85280f !important;\">Architecture<\/p>\n<p class=\"text-med\">Santa Catalina was erected in Arequipa, a city founded in 1540 on a site chosen especially for its natural beauty, inviting climate, and an abundance of a unique construction material: sillar, a porous stone formed by volcanic lava. Using the sillar, a breathtaking city was erected, boasting its own particular architectural traits, with exquisite sites rendered with aesthetically pleasing proportions, imposing facades, and delicately sculpted decorative details, making Arequipa stand out among South America\u2019s many lovely colonial cities.<\/p>\n<p><a class=\"inner-link button btn hcode-button-1 btn-small-black-border-light btn-medium\" href=\"#\" target=\"_self\" rel=\"noopener noreferrer\">More Information<\/a><\/p>\n<\/div><\/div><div class=\"wpb_column hcode-column-container sm-margin-four-bottom vc_col-sm-12 vc_col-md-6 col-xs-mobile-fullwidth\" data-front-class=\"sm-margin-four-bottom col-xs-mobile-fullwidth\"><div class=\"vc-column-innner-wrapper\"><img loading=\"lazy\" decoding=\"async\" width=\"562\" height=\"351\" src=\"https:\/\/santacatalina.org.pe\/wp-content\/uploads\/2020\/06\/1-1.jpg\" class=\"\" alt=\"\" srcset=\"https:\/\/santacatalina.org.pe\/wp-content\/uploads\/2020\/06\/1-1.jpg 562w, https:\/\/santacatalina.org.pe\/wp-content\/uploads\/2020\/06\/1-1-300x187.jpg 300w, https:\/\/santacatalina.org.pe\/wp-content\/uploads\/2020\/06\/1-1-133x83.jpg 133w, https:\/\/santacatalina.org.pe\/wp-content\/uploads\/2020\/06\/1-1-374x234.jpg 374w, https:\/\/santacatalina.org.pe\/wp-content\/uploads\/2020\/06\/1-1-81x51.jpg 81w\" sizes=\"(max-width: 562px) 100vw, 562px\" \/><\/div><\/div><div class=\"wpb_column hcode-column-container vc_col-sm-12 vc_col-md-12 col-xs-mobile-fullwidth\" data-front-class=\"col-xs-mobile-fullwidth\"><div class=\"vc-column-innner-wrapper\"><div class=\" wide-separator-line no-margin-lr\" style=\" background:#ffffff;\"><\/div><\/div><\/div><div class=\"wpb_column hcode-column-container sm-margin-four-bottom vc_col-sm-12 vc_col-md-6 col-xs-mobile-fullwidth\" data-front-class=\"sm-margin-four-bottom col-xs-mobile-fullwidth\"><div class=\"vc-column-innner-wrapper\"><img loading=\"lazy\" decoding=\"async\" width=\"562\" height=\"351\" src=\"https:\/\/santacatalina.org.pe\/wp-content\/uploads\/2020\/06\/3-1.jpg\" class=\"\" alt=\"\" srcset=\"https:\/\/santacatalina.org.pe\/wp-content\/uploads\/2020\/06\/3-1.jpg 562w, https:\/\/santacatalina.org.pe\/wp-content\/uploads\/2020\/06\/3-1-300x187.jpg 300w, https:\/\/santacatalina.org.pe\/wp-content\/uploads\/2020\/06\/3-1-133x83.jpg 133w, https:\/\/santacatalina.org.pe\/wp-content\/uploads\/2020\/06\/3-1-374x234.jpg 374w, https:\/\/santacatalina.org.pe\/wp-content\/uploads\/2020\/06\/3-1-81x51.jpg 81w\" sizes=\"(max-width: 562px) 100vw, 562px\" \/><\/div><\/div><div class=\"wpb_column hcode-column-container vc_col-sm-12 vc_col-md-6 col-xs-mobile-fullwidth\" data-front-class=\"col-xs-mobile-fullwidth\"><div class=\"vc-column-innner-wrapper\"><p class=\"title-large text-uppercase letter-spacing-1 font-weight-600 black-text hcode-font-setting-5ed12d1bf22a2\" style=\"line-height: 71px; color: #85280f !important;\">Painting Gallery<\/p>\n<p class=\"text-med\">Upon starting the work for the restoration of the convent, prior to its reopening, a great collection of paintings\u2014predominantly featuring religious motifs\u2014was discovered scattered throughout the buildings, providing many a fine example of viceregal painting in Peru. Approximately 400 pieces were touched up or restored to their original appearance. Thanks to the work done by experts, visitors can now view this collection, which is of extraordinary artistic and historical value.<\/p>\n<p><a class=\"inner-link button btn hcode-button-1 btn-small-black-border-light btn-medium\" href=\"#\" target=\"_self\" rel=\"noopener noreferrer\">More Information<\/a><\/p>\n<\/div><\/div><div class=\"wpb_column hcode-column-container vc_col-sm-12 vc_col-md-12 col-xs-mobile-fullwidth\" data-front-class=\"col-xs-mobile-fullwidth\"><div class=\"vc-column-innner-wrapper\"><div class=\" wide-separator-line no-margin-lr\" style=\" background:#ffffff;\"><\/div><\/div><\/div><div class=\"wpb_column hcode-column-container vc_col-sm-12 vc_col-md-6 col-xs-mobile-fullwidth\" data-front-class=\"col-xs-mobile-fullwidth\"><div class=\"vc-column-innner-wrapper\"><p class=\"title-large text-uppercase letter-spacing-1 font-weight-600 black-text hcode-font-setting-5ed12d1bf22a2\" style=\"line-height: 71px; color: #85280f !important;\">Sister Ana de los \u00c1ngeles<\/p>\n<p class=\"text-med\">According to certain theories and testimonies, Sister Ana de los \u00c1ngeles is thought to have been born on July 26, 1604, although there is no way of knowing the exact date, given that her baptismal certificate was lost in a fire that broke out in the sacristy of the Great Church of Arequipa, the predecessor to the city\u2019s first cathedral, in 1620. Ana was the fourth of eight children born to Sebasti\u00e1n de Monteagudo and Francisca de Le\u00f3n: Francisco, Mariana, Catalina, (Ana), Juana, In\u00e9s, Andrea, and Sebasti\u00e1n.<\/p>\n<p><a class=\"inner-link button btn hcode-button-1 btn-small-black-border-light btn-medium\" href=\"#\" target=\"_self\" rel=\"noopener noreferrer\">More Information<\/a><\/p>\n<\/div><\/div><div class=\"wpb_column hcode-column-container sm-margin-four-bottom vc_col-sm-12 vc_col-md-6 col-xs-mobile-fullwidth\" data-front-class=\"sm-margin-four-bottom col-xs-mobile-fullwidth\"><div class=\"vc-column-innner-wrapper\"><img loading=\"lazy\" decoding=\"async\" width=\"562\" height=\"351\" src=\"https:\/\/santacatalina.org.pe\/wp-content\/uploads\/2020\/06\/4-1.jpg\" class=\"\" alt=\"\" srcset=\"https:\/\/santacatalina.org.pe\/wp-content\/uploads\/2020\/06\/4-1.jpg 562w, https:\/\/santacatalina.org.pe\/wp-content\/uploads\/2020\/06\/4-1-300x187.jpg 300w, https:\/\/santacatalina.org.pe\/wp-content\/uploads\/2020\/06\/4-1-133x83.jpg 133w, https:\/\/santacatalina.org.pe\/wp-content\/uploads\/2020\/06\/4-1-374x234.jpg 374w, https:\/\/santacatalina.org.pe\/wp-content\/uploads\/2020\/06\/4-1-81x51.jpg 81w\" sizes=\"(max-width: 562px) 100vw, 562px\" \/><\/div><\/div><\/div><\/div><\/section>","protected":false},"excerpt":{"rendered":"<p>Foundation The Viceroy Francisco Toledo, during his visit to Arequipa, was informed by the council of canons of their wish to found a convent. In response, the viceroy granted them the necessary licenses for the founding of the &#8220;Monasterio de Monjas Privado de la Orden de Santa Catalina de Siena,&#8221; or \u201cPrivate Convent of the [&hellip;]<\/p>\n","protected":false},"author":1,"featured_media":0,"parent":0,"menu_order":0,"comment_status":"closed","ping_status":"closed","template":"","meta":{"footnotes":""},"_links":{"self":[{"href":"https:\/\/santacatalina.org.pe\/en\/wp-json\/wp\/v2\/pages\/19151"}],"collection":[{"href":"https:\/\/santacatalina.org.pe\/en\/wp-json\/wp\/v2\/pages"}],"about":[{"href":"https:\/\/santacatalina.org.pe\/en\/wp-json\/wp\/v2\/types\/page"}],"author":[{"embeddable":true,"href":"https:\/\/santacatalina.org.pe\/en\/wp-json\/wp\/v2\/users\/1"}],"replies":[{"embeddable":true,"href":"https:\/\/santacatalina.org.pe\/en\/wp-json\/wp\/v2\/comments?post=19151"}],"version-history":[{"count":1,"href":"https:\/\/santacatalina.org.pe\/en\/wp-json\/wp\/v2\/pages\/19151\/revisions"}],"predecessor-version":[{"id":19173,"href":"https:\/\/santacatalina.org.pe\/en\/wp-json\/wp\/v2\/pages\/19151\/revisions\/19173"}],"wp:attachment":[{"href":"https:\/\/santacatalina.org.pe\/en\/wp-json\/wp\/v2\/media?parent=19151"}],"curies":[{"name":"wp","href":"https:\/\/api.w.org\/{rel}","templated":true}]}}