{"id":19150,"date":"2020-06-14T14:12:10","date_gmt":"2020-06-14T14:12:10","guid":{"rendered":"https:\/\/santacatalina.org.pe\/?page_id=19150"},"modified":"2020-06-14T14:12:10","modified_gmt":"2020-06-14T14:12:10","slug":"foundation","status":"publish","type":"page","link":"https:\/\/santacatalina.org.pe\/en\/historia-duplicate-1\/foundation","title":{"rendered":"FOUNDATION"},"content":{"rendered":"<section><div class=\"container\"><div class=\"row\"><div class=\"wpb_column hcode-column-container sm-margin-four-bottom vc_col-sm-6 vc_col-md-6 col-xs-mobile-fullwidth\" data-front-class=\"sm-margin-four-bottom col-xs-mobile-fullwidth\"><div class=\"vc-column-innner-wrapper\">[vc_gallery type=\"nivo\" interval=\"3\" images=\"18987,18988,18989\" img_size=\"full\" css_animation=\"zoomInDown\"]<\/div><\/div><div class=\"wpb_column hcode-column-container vc_col-sm-6 vc_col-md-6 col-xs-mobile-fullwidth\" data-front-class=\"col-xs-mobile-fullwidth\"><div class=\"vc-column-innner-wrapper\"><div class=\"padding-six\"><p class=\"text-med\">The Viceroy Francisco Toledo, during his visit to Arequipa, was informed by the council of canons of their wish to found a convent. In response, the viceroy granted them the necessary licenses for the founding of the \"Monasterio de Monjas Privado de la Orden de Santa Catalina de Siena,\" or \u201cPrivate Convent of the Sisters of the Order of Saint Catherine of Siena.\u201d Years later, Do\u00f1a Mar\u00eda de Guzm\u00e1n, the widow of Diego Hern\u00e1ndez de Mendoza\u2014a beautiful, rich, young woman who never had children\u2014decided to shut herself away in the convent, which was still under construction, and give away all her earthly belongings. On September 10, 1579, the record and agreement for the founding of the convent was signed between the City Council, the Chief Justice, and the Regidor\u2019s Office of Arequipa and the Bishopric of Cuzco. After signing the document, four plots of city-owned land were ceded for the site of the convent, and Do\u00f1a Mar\u00eda de Guzm\u00e1n was named \"first inhabitant and prioress of said Convent.\u201d<\/p>\n<\/div><\/div><\/div><div class=\"wpb_column hcode-column-container vc_col-sm-12 vc_col-md-12 col-xs-mobile-fullwidth\" data-front-class=\"col-xs-mobile-fullwidth\"><div class=\"vc-column-innner-wrapper\"><div class=\" wide-separator-line no-margin-lr\" style=\" background:#ffffff;\"><\/div><\/div><\/div><div class=\"wpb_column hcode-column-container vc_col-sm-6 vc_col-md-6 col-xs-mobile-fullwidth\" data-front-class=\"col-xs-mobile-fullwidth\"><div class=\"vc-column-innner-wrapper\"><div class=\"padding-six\"><p class=\"text-med\">On Sunday, October 2, 1580, a high mass was held in the city and Do\u00f1a Mar\u00eda, recognized as the founder, formally donned her habit. The women who entered the convent as nuns included women of mixed race, European descent, and even the daughters of indigenous curacas, or chiefs. It was not until 1964 that the first Spanish nuns joined. History also tells us of \"poor nuns\" and ladies from Arequipa\u2019s high society, who\u2014without giving their life over fully to religion\u2014came to the convent for a time to practice their virtues. In 1582, Arequipa suffered a major earthquake that seriously damaged the convent\u2019s building. Despite this, the cloister remained standing. The event marked the start of a period of hardship, however, in which the nuns themselves were forced to repair their own rooms. Due to a lack of money, the chapel could not be renovated, \u201cfor which reason the Most Blessed Sacrament was put on display in a straw hut.\u201d<\/p>\n<\/div><\/div><\/div><div class=\"wpb_column hcode-column-container sm-margin-four-bottom vc_col-sm-6 vc_col-md-6 col-xs-mobile-fullwidth\" data-front-class=\"sm-margin-four-bottom col-xs-mobile-fullwidth\"><div class=\"vc-column-innner-wrapper\">[vc_gallery type=\"nivo\" interval=\"3\" images=\"18992,18991,18990\" img_size=\"full\" css_animation=\"zoomInDown\"]<\/div><\/div><\/div><\/div><\/section>","protected":false},"excerpt":{"rendered":"<p>[vc_gallery type=&#8221;nivo&#8221; interval=&#8221;3&#8243; images=&#8221;18987,18988,18989&#8243; img_size=&#8221;full&#8221; css_animation=&#8221;zoomInDown&#8221;]The Viceroy Francisco Toledo, during his visit to Arequipa, was informed by the council of canons of their wish to found a convent. In response, the viceroy granted them the necessary licenses for the founding of the &#8220;Monasterio de Monjas Privado de la Orden de Santa Catalina de Siena,&#8221; or [&hellip;]<\/p>\n","protected":false},"author":1,"featured_media":0,"parent":19151,"menu_order":0,"comment_status":"closed","ping_status":"closed","template":"","meta":{"footnotes":""},"_links":{"self":[{"href":"https:\/\/santacatalina.org.pe\/en\/wp-json\/wp\/v2\/pages\/19150"}],"collection":[{"href":"https:\/\/santacatalina.org.pe\/en\/wp-json\/wp\/v2\/pages"}],"about":[{"href":"https:\/\/santacatalina.org.pe\/en\/wp-json\/wp\/v2\/types\/page"}],"author":[{"embeddable":true,"href":"https:\/\/santacatalina.org.pe\/en\/wp-json\/wp\/v2\/users\/1"}],"replies":[{"embeddable":true,"href":"https:\/\/santacatalina.org.pe\/en\/wp-json\/wp\/v2\/comments?post=19150"}],"version-history":[{"count":1,"href":"https:\/\/santacatalina.org.pe\/en\/wp-json\/wp\/v2\/pages\/19150\/revisions"}],"predecessor-version":[{"id":19161,"href":"https:\/\/santacatalina.org.pe\/en\/wp-json\/wp\/v2\/pages\/19150\/revisions\/19161"}],"up":[{"embeddable":true,"href":"https:\/\/santacatalina.org.pe\/en\/wp-json\/wp\/v2\/pages\/19151"}],"wp:attachment":[{"href":"https:\/\/santacatalina.org.pe\/en\/wp-json\/wp\/v2\/media?parent=19150"}],"curies":[{"name":"wp","href":"https:\/\/api.w.org\/{rel}","templated":true}]}}